{"id":24723,"date":"2026-03-09T07:26:21","date_gmt":"2026-03-09T05:26:21","guid":{"rendered":"https:\/\/brokerbinary.top\/cookie-policy\/"},"modified":"2026-03-09T07:43:42","modified_gmt":"2026-03-09T05:43:42","slug":"cookie-policy","status":"publish","type":"page","link":"https:\/\/brokerbinary.top\/vi\/cookie-policy\/","title":{"rendered":"Ch\u00ednh s\u00e1ch Cookie (Cookie Policy)"},"content":{"rendered":"\n<p>Ch\u00ednh s\u00e1ch Cookie n\u00e0y gi\u1ea3i th\u00edch c\u00e1ch cookie v\u00e0 c\u00e1c c\u00f4ng ngh\u1ec7 t\u01b0\u01a1ng t\u1ef1 \u0111\u01b0\u1ee3c s\u1eed d\u1ee5ng tr\u00ean trang web&nbsp;<strong>brokerbinary.top<\/strong>.<\/p>\n\n\n\n<p>B\u1eb1ng vi\u1ec7c s\u1eed d\u1ee5ng trang web n\u00e0y, b\u1ea1n \u0111\u1ed3ng \u00fd v\u1edbi vi\u1ec7c s\u1eed d\u1ee5ng cookie theo ch\u00ednh s\u00e1ch n\u00e0y.<\/p>\n\n\n\n<h2 class=\"wp-block-heading\"><strong>Cookie l\u00e0 g\u00ec<\/strong><\/h2>\n\n\n\n<p>Cookie l\u00e0 c\u00e1c t\u1ec7p v\u0103n b\u1ea3n nh\u1ecf \u0111\u01b0\u1ee3c l\u01b0u tr\u1eef tr\u00ean thi\u1ebft b\u1ecb c\u1ee7a ng\u01b0\u1eddi d\u00f9ng khi truy c\u1eadp m\u1ed9t trang web. Cookie gi\u00fap c\u00e1c trang web ho\u1ea1t \u0111\u1ed9ng \u0111\u00fang c\u00e1ch, ghi nh\u1edb c\u00e1c t\u00f9y ch\u1ecdn c\u1ee7a ng\u01b0\u1eddi d\u00f9ng v\u00e0 thu th\u1eadp th\u1ed1ng k\u00ea s\u1eed d\u1ee5ng \u1ea9n danh.<\/p>\n\n\n\n<p>Cookie th\u01b0\u1eddng kh\u00f4ng ch\u1ee9a th\u00f4ng tin c\u00f3 th\u1ec3 tr\u1ef1c ti\u1ebfp x\u00e1c \u0111\u1ecbnh danh t\u00ednh c\u00e1 nh\u00e2n, nh\u01b0ng c\u00f3 th\u1ec3 \u0111\u01b0\u1ee3c li\u00ean k\u1ebft v\u1edbi th\u00f4ng tin \u0111\u01b0\u1ee3c l\u01b0u tr\u1eef v\u1ec1 b\u1ea1n.<\/p>\n\n\n\n<h2 class=\"wp-block-heading\"><strong>Ch\u00fang t\u00f4i s\u1eed d\u1ee5ng cookie nh\u01b0 th\u1ebf n\u00e0o<\/strong><\/h2>\n\n\n\n<p>Trang web&nbsp;<strong>brokerbinary.top<\/strong>&nbsp;s\u1eed d\u1ee5ng cookie \u0111\u1ec3 c\u1ea3i thi\u1ec7n ch\u1ee9c n\u0103ng c\u1ee7a trang web, ph\u00e2n t\u00edch l\u01b0u l\u01b0\u1ee3ng truy c\u1eadp v\u00e0 n\u00e2ng cao tr\u1ea3i nghi\u1ec7m ng\u01b0\u1eddi d\u00f9ng.<\/p>\n\n\n\n<p>Cookie c\u00f3 th\u1ec3 \u0111\u01b0\u1ee3c s\u1eed d\u1ee5ng cho c\u00e1c m\u1ee5c \u0111\u00edch sau:<\/p>\n\n\n\n<ul class=\"wp-block-list\">\n<li>\u0111\u1ea3m b\u1ea3o trang web ho\u1ea1t \u0111\u1ed9ng ch\u00ednh x\u00e1c<\/li>\n\n\n\n<li>ghi nh\u1edb c\u00e1c t\u00f9y ch\u1ecdn c\u1ee7a ng\u01b0\u1eddi d\u00f9ng v\u00e0 c\u00e0i \u0111\u1eb7t ng\u00f4n ng\u1eef<\/li>\n\n\n\n<li>ph\u00e2n t\u00edch l\u01b0u l\u01b0\u1ee3ng truy c\u1eadp v\u00e0 h\u00e0nh vi c\u1ee7a kh\u00e1ch truy c\u1eadp<\/li>\n\n\n\n<li>c\u1ea3i thi\u1ec7n n\u1ed9i dung v\u00e0 c\u1ea5u tr\u00fac \u0111i\u1ec1u h\u01b0\u1edbng c\u1ee7a trang web<\/li>\n\n\n\n<li>b\u1ea3o v\u1ec7 trang web kh\u1ecfi spam v\u00e0 c\u00e1c h\u00e0nh vi l\u1ea1m d\u1ee5ng<\/li>\n<\/ul>\n\n\n\n<h2 class=\"wp-block-heading\"><strong>C\u00e1c lo\u1ea1i cookie ch\u00fang t\u00f4i s\u1eed d\u1ee5ng<\/strong><\/h2>\n\n\n\n<h3 class=\"wp-block-heading\"><strong>Cookie c\u1ea7n thi\u1ebft (Essential Cookies)<\/strong><\/h3>\n\n\n\n<p>C\u00e1c cookie n\u00e0y c\u1ea7n thi\u1ebft \u0111\u1ec3 trang web ho\u1ea1t \u0111\u1ed9ng \u0111\u00fang c\u00e1ch.<\/p>\n\n\n\n<p>Ch\u00fang cho ph\u00e9p c\u00e1c ch\u1ee9c n\u0103ng c\u01a1 b\u1ea3n nh\u01b0 \u0111i\u1ec1u h\u01b0\u1edbng trang, b\u1ea3o m\u1eadt v\u00e0 truy c\u1eadp v\u00e0o m\u1ed9t s\u1ed1 ph\u1ea7n nh\u1ea5t \u0111\u1ecbnh c\u1ee7a trang web.<\/p>\n\n\n\n<p>N\u1ebfu kh\u00f4ng c\u00f3 c\u00e1c cookie n\u00e0y, m\u1ed9t s\u1ed1 d\u1ecbch v\u1ee5 c\u1ee7a trang web c\u00f3 th\u1ec3 kh\u00f4ng ho\u1ea1t \u0111\u1ed9ng \u0111\u00fang.<\/p>\n\n\n\n<h3 class=\"wp-block-heading\"><strong>Cookie ph\u00e2n t\u00edch (Analytics Cookies)<\/strong><\/h3>\n\n\n\n<p>Cookie ph\u00e2n t\u00edch gi\u00fap ch\u00fang t\u00f4i hi\u1ec3u c\u00e1ch ng\u01b0\u1eddi d\u00f9ng t\u01b0\u01a1ng t\u00e1c v\u1edbi trang web.<\/p>\n\n\n\n<p>Ch\u00fang c\u00f3 th\u1ec3 thu th\u1eadp c\u00e1c th\u00f4ng tin nh\u01b0:<\/p>\n\n\n\n<ul class=\"wp-block-list\">\n<li>c\u00e1c trang \u0111\u00e3 truy c\u1eadp<\/li>\n\n\n\n<li>th\u1eddi gian ng\u01b0\u1eddi d\u00f9ng \u1edf l\u1ea1i tr\u00ean trang<\/li>\n\n\n\n<li>ngu\u1ed3n truy c\u1eadp<\/li>\n\n\n\n<li>v\u1ecb tr\u00ed \u0111\u1ecba l\u00fd g\u1ea7n \u0111\u00fang<\/li>\n<\/ul>\n\n\n\n<p>Th\u00f4ng tin n\u00e0y \u0111\u01b0\u1ee3c s\u1eed d\u1ee5ng \u0111\u1ec3 c\u1ea3i thi\u1ec7n c\u1ea5u tr\u00fac v\u00e0 n\u1ed9i dung c\u1ee7a trang web.<\/p>\n\n\n\n<p>C\u00e1c c\u00f4ng c\u1ee5 ph\u00e2n t\u00edch c\u00f3 th\u1ec3 bao g\u1ed3m c\u00e1c d\u1ecbch v\u1ee5 nh\u01b0&nbsp;<strong>Google Analytics<\/strong>&nbsp;ho\u1eb7c c\u00e1c n\u1ec1n t\u1ea3ng ph\u00e2n t\u00edch l\u01b0u l\u01b0\u1ee3ng truy c\u1eadp t\u01b0\u01a1ng t\u1ef1.<\/p>\n\n\n\n<h3 class=\"wp-block-heading\"><strong>Cookie ch\u1ee9c n\u0103ng (Functional Cookies)<\/strong><\/h3>\n\n\n\n<p>C\u00e1c cookie n\u00e0y cho ph\u00e9p trang web ghi nh\u1edb c\u00e1c l\u1ef1a ch\u1ecdn c\u1ee7a ng\u01b0\u1eddi d\u00f9ng, ch\u1eb3ng h\u1ea1n nh\u01b0:<\/p>\n\n\n\n<ul class=\"wp-block-list\">\n<li>t\u00f9y ch\u1ecdn ng\u00f4n ng\u1eef<\/li>\n\n\n\n<li>c\u00e0i \u0111\u1eb7t khu v\u1ef1c<\/li>\n\n\n\n<li>t\u00f9y ch\u1ec9nh giao di\u1ec7n<\/li>\n<\/ul>\n\n\n\n<p>Nh\u1eefng cookie n\u00e0y gi\u00fap mang l\u1ea1i tr\u1ea3i nghi\u1ec7m duy\u1ec7t web c\u00e1 nh\u00e2n h\u00f3a h\u01a1n.<\/p>\n\n\n\n<h3 class=\"wp-block-heading\"><strong>Cookie c\u1ee7a b\u00ean th\u1ee9 ba (Third-Party Cookies)<\/strong><\/h3>\n\n\n\n<p>M\u1ed9t s\u1ed1 cookie c\u00f3 th\u1ec3 \u0111\u01b0\u1ee3c \u0111\u1eb7t b\u1edfi c\u00e1c d\u1ecbch v\u1ee5 b\u00ean th\u1ee9 ba \u0111\u01b0\u1ee3c t\u00edch h\u1ee3p v\u00e0o trang web.<\/p>\n\n\n\n<p>Ch\u00fang c\u00f3 th\u1ec3 bao g\u1ed3m:<\/p>\n\n\n\n<ul class=\"wp-block-list\">\n<li>nh\u00e0 cung c\u1ea5p d\u1ecbch v\u1ee5 ph\u00e2n t\u00edch<\/li>\n\n\n\n<li>d\u1ecbch v\u1ee5 b\u1ea3o m\u1eadt<\/li>\n\n\n\n<li>m\u1ea1ng ph\u00e2n ph\u1ed1i n\u1ed9i dung (CDN)<\/li>\n\n\n\n<li>nh\u00e0 cung c\u1ea5p n\u1ed9i dung nh\u00fang<\/li>\n<\/ul>\n\n\n\n<p>C\u00e1c b\u00ean th\u1ee9 ba n\u00e0y c\u00f3 th\u1ec3 thu th\u1eadp th\u00f4ng tin theo ch\u00ednh s\u00e1ch quy\u1ec1n ri\u00eang t\u01b0 c\u1ee7a ri\u00eang h\u1ecd.<\/p>\n\n\n\n<h2 class=\"wp-block-heading\"><strong>Qu\u1ea3n l\u00fd cookie<\/strong><\/h2>\n\n\n\n<p>Ng\u01b0\u1eddi d\u00f9ng c\u00f3 th\u1ec3 ki\u1ec3m so\u00e1t ho\u1eb7c t\u1eaft cookie th\u00f4ng qua c\u00e0i \u0111\u1eb7t c\u1ee7a tr\u00ecnh duy\u1ec7t.<\/p>\n\n\n\n<p>H\u1ea7u h\u1ebft c\u00e1c tr\u00ecnh duy\u1ec7t cho ph\u00e9p ng\u01b0\u1eddi d\u00f9ng:<\/p>\n\n\n\n<ul class=\"wp-block-list\">\n<li>xem c\u00e1c cookie \u0111\u00e3 l\u01b0u<\/li>\n\n\n\n<li>x\u00f3a cookie<\/li>\n\n\n\n<li>ch\u1eb7n cookie t\u1eeb c\u00e1c trang web c\u1ee5 th\u1ec3<\/li>\n\n\n\n<li>ch\u1eb7n t\u1ea5t c\u1ea3 cookie<\/li>\n<\/ul>\n\n\n\n<p>Xin l\u01b0u \u00fd r\u1eb1ng vi\u1ec7c t\u1eaft cookie c\u00f3 th\u1ec3 \u1ea3nh h\u01b0\u1edfng \u0111\u1ebfn ch\u1ee9c n\u0103ng c\u1ee7a m\u1ed9t s\u1ed1 ph\u1ea7n c\u1ee7a trang web.<\/p>\n\n\n\n<h2 class=\"wp-block-heading\"><strong>Thay \u0111\u1ed5i \u0111\u1ed1i v\u1edbi ch\u00ednh s\u00e1ch n\u00e0y<\/strong><\/h2>\n\n\n\n<p>Ch\u00ednh s\u00e1ch Cookie n\u00e0y c\u00f3 th\u1ec3 \u0111\u01b0\u1ee3c c\u1eadp nh\u1eadt \u0111\u1ecbnh k\u1ef3 \u0111\u1ec3 ph\u1ea3n \u00e1nh c\u00e1c thay \u0111\u1ed5i v\u1ec1 c\u00f4ng ngh\u1ec7, ph\u00e1p lu\u1eadt ho\u1eb7c ch\u1ee9c n\u0103ng c\u1ee7a trang web.<\/p>\n\n\n\n<p>M\u1ecdi c\u1eadp nh\u1eadt s\u1ebd \u0111\u01b0\u1ee3c \u0111\u0103ng tr\u00ean trang n\u00e0y c\u00f9ng v\u1edbi ng\u00e0y c\u1eadp nh\u1eadt m\u1edbi.<\/p>\n\n\n\n<h2 class=\"wp-block-heading\"><strong>Li\u00ean h\u1ec7<\/strong><\/h2>\n\n\n\n<p>N\u1ebfu b\u1ea1n c\u00f3 c\u00e2u h\u1ecfi li\u00ean quan \u0111\u1ebfn Ch\u00ednh s\u00e1ch Cookie n\u00e0y, b\u1ea1n c\u00f3 th\u1ec3 li\u00ean h\u1ec7 v\u1edbi ch\u00fang t\u00f4i th\u00f4ng qua trang web.<\/p>\n\n\n\n<h2 class=\"wp-block-heading\"><strong>Th\u00f4ng b\u00e1o quan tr\u1ecdng<\/strong><\/h2>\n\n\n\n<p>brokerbinary.top l\u00e0 m\u1ed9t trang web cung c\u1ea5p th\u00f4ng tin, bao g\u1ed3m c\u00e1c \u0111\u00e1nh gi\u00e1, b\u1ea3ng x\u1ebfp h\u1ea1ng v\u00e0 t\u00e0i li\u1ec7u gi\u00e1o d\u1ee5c li\u00ean quan \u0111\u1ebfn c\u00e1c n\u1ec1n t\u1ea3ng giao d\u1ecbch tr\u1ef1c tuy\u1ebfn v\u00e0 th\u1ecb tr\u01b0\u1eddng t\u00e0i ch\u00ednh.<\/p>\n\n\n\n<p>Trang web kh\u00f4ng cung c\u1ea5p d\u1ecbch v\u1ee5 t\u00e0i ch\u00ednh v\u00e0 kh\u00f4ng th\u1ef1c hi\u1ec7n giao d\u1ecbch thay m\u1eb7t cho ng\u01b0\u1eddi d\u00f9ng.<\/p>\n","protected":false},"excerpt":{"rendered":"<p>Ch\u00ednh s\u00e1ch Cookie n\u00e0y gi\u1ea3i th\u00edch c\u00e1ch cookie v\u00e0 c\u00e1c c\u00f4ng ngh\u1ec7 t\u01b0\u01a1ng t\u1ef1 \u0111\u01b0\u1ee3c s\u1eed d\u1ee5ng tr\u00ean trang web&nbsp;brokerbinary.top. B\u1eb1ng vi\u1ec7c s\u1eed d\u1ee5ng trang web n\u00e0y, b\u1ea1n \u0111\u1ed3ng \u00fd v\u1edbi vi\u1ec7c s\u1eed d\u1ee5ng cookie theo ch\u00ednh s\u00e1ch n\u00e0y. Cookie l\u00e0 g\u00ec Cookie l\u00e0 c\u00e1c t\u1ec7p v\u0103n b\u1ea3n nh\u1ecf \u0111\u01b0\u1ee3c l\u01b0u tr\u1eef tr\u00ean thi\u1ebft b\u1ecb [&hellip;]<\/p>\n","protected":false},"author":1,"featured_media":0,"parent":0,"menu_order":0,"comment_status":"closed","ping_status":"closed","template":"","meta":{"footnotes":""},"class_list":["post-24723","page","type-page","status-publish","hentry"],"yoast_head":"<title>Ch\u00ednh s\u00e1ch Cookie (Cookie Policy)<\/title>\n<meta name=\"description\" content=\"Ch\u00ednh s\u00e1ch Cookie n\u00e0y gi\u1ea3i th\u00edch c\u00e1ch cookie v\u00e0 c\u00e1c c\u00f4ng ngh\u1ec7 t\u01b0\u01a1ng t\u1ef1 \u0111\u01b0\u1ee3c s\u1eed d\u1ee5ng tr\u00ean trang web brokerbinary.top. B\u1eb1ng vi\u1ec7c s\u1eed d\u1ee5ng trang web n\u00e0y, b\u1ea1n \u0111\u1ed3ng \u00fd v\u1edbi vi\u1ec7c s\u1eed d\u1ee5ng cookie theo ch\u00ednh s\u00e1ch n\u00e0y.\" \/>\n<meta name=\"robots\" content=\"index, follow, max-snippet:-1, max-image-preview:large, max-video-preview:-1\" \/>\n<link rel=\"canonical\" href=\"https:\/\/brokerbinary.top\/vi\/cookie-policy\/\" \/>\n<meta property=\"og:locale\" content=\"vi_VN\" \/>\n<meta property=\"og:type\" content=\"article\" \/>\n<meta property=\"og:title\" content=\"Ch\u00ednh s\u00e1ch Cookie (Cookie Policy)\" \/>\n<meta property=\"og:description\" content=\"Ch\u00ednh s\u00e1ch Cookie n\u00e0y gi\u1ea3i th\u00edch c\u00e1ch cookie v\u00e0 c\u00e1c c\u00f4ng ngh\u1ec7 t\u01b0\u01a1ng t\u1ef1 \u0111\u01b0\u1ee3c s\u1eed d\u1ee5ng tr\u00ean trang web brokerbinary.top. B\u1eb1ng vi\u1ec7c s\u1eed d\u1ee5ng trang web n\u00e0y, b\u1ea1n \u0111\u1ed3ng \u00fd v\u1edbi vi\u1ec7c s\u1eed d\u1ee5ng cookie theo ch\u00ednh s\u00e1ch n\u00e0y.\" \/>\n<meta property=\"og:url\" content=\"https:\/\/brokerbinary.top\/vi\/cookie-policy\/\" \/>\n<meta property=\"article:modified_time\" content=\"2026-03-09T05:43:42+00:00\" \/>\n<meta name=\"twitter:card\" content=\"summary_large_image\" \/>\n<meta name=\"twitter:label1\" content=\"Est. reading time\" \/>\n\t<meta name=\"twitter:data1\" content=\"4 minutes\" \/>\n<script type=\"application\/ld+json\" class=\"yoast-schema-graph\">{\"@context\":\"https:\\\/\\\/schema.org\",\"@graph\":[{\"@type\":\"WebPage\",\"@id\":\"https:\\\/\\\/brokerbinary.top\\\/vi\\\/cookie-policy\\\/\",\"url\":\"https:\\\/\\\/brokerbinary.top\\\/vi\\\/cookie-policy\\\/\",\"name\":\"Ch\u00ednh s\u00e1ch Cookie (Cookie Policy)\",\"isPartOf\":{\"@id\":\"https:\\\/\\\/brokerbinary.top\\\/vi\\\/#website\"},\"datePublished\":\"2026-03-09T05:26:21+00:00\",\"dateModified\":\"2026-03-09T05:43:42+00:00\",\"description\":\"Ch\u00ednh s\u00e1ch Cookie n\u00e0y gi\u1ea3i th\u00edch c\u00e1ch cookie v\u00e0 c\u00e1c c\u00f4ng ngh\u1ec7 t\u01b0\u01a1ng t\u1ef1 \u0111\u01b0\u1ee3c s\u1eed d\u1ee5ng tr\u00ean trang web brokerbinary.top. B\u1eb1ng vi\u1ec7c s\u1eed d\u1ee5ng trang web n\u00e0y, b\u1ea1n \u0111\u1ed3ng \u00fd v\u1edbi vi\u1ec7c s\u1eed d\u1ee5ng cookie theo ch\u00ednh s\u00e1ch n\u00e0y.\",\"breadcrumb\":{\"@id\":\"https:\\\/\\\/brokerbinary.top\\\/vi\\\/cookie-policy\\\/#breadcrumb\"},\"inLanguage\":\"vi-VN\",\"potentialAction\":[{\"@type\":\"ReadAction\",\"target\":[\"https:\\\/\\\/brokerbinary.top\\\/vi\\\/cookie-policy\\\/\"]}]},{\"@type\":\"BreadcrumbList\",\"@id\":\"https:\\\/\\\/brokerbinary.top\\\/vi\\\/cookie-policy\\\/#breadcrumb\",\"itemListElement\":[{\"@type\":\"ListItem\",\"position\":1,\"name\":\"\u0413\u043b\u0430\u0432\u043d\u0430\u044f \u0441\u0442\u0440\u0430\u043d\u0438\u0446\u0430\",\"item\":\"https:\\\/\\\/brokerbinary.top\\\/vi\\\/home\\\/\"},{\"@type\":\"ListItem\",\"position\":2,\"name\":\"Ch\u00ednh s\u00e1ch Cookie (Cookie Policy)\"}]},{\"@type\":\"WebSite\",\"@id\":\"https:\\\/\\\/brokerbinary.top\\\/vi\\\/#website\",\"url\":\"https:\\\/\\\/brokerbinary.top\\\/vi\\\/\",\"name\":\"\",\"description\":\"\",\"potentialAction\":[{\"@type\":\"SearchAction\",\"target\":{\"@type\":\"EntryPoint\",\"urlTemplate\":\"https:\\\/\\\/brokerbinary.top\\\/vi\\\/?s={search_term_string}\"},\"query-input\":{\"@type\":\"PropertyValueSpecification\",\"valueRequired\":true,\"valueName\":\"search_term_string\"}}],\"inLanguage\":\"vi-VN\"}]}<\/script>","yoast_head_json":{"title":"Ch\u00ednh s\u00e1ch Cookie (Cookie Policy)","description":"Ch\u00ednh s\u00e1ch Cookie n\u00e0y gi\u1ea3i th\u00edch c\u00e1ch cookie v\u00e0 c\u00e1c c\u00f4ng ngh\u1ec7 t\u01b0\u01a1ng t\u1ef1 \u0111\u01b0\u1ee3c s\u1eed d\u1ee5ng tr\u00ean trang web brokerbinary.top. B\u1eb1ng vi\u1ec7c s\u1eed d\u1ee5ng trang web n\u00e0y, b\u1ea1n \u0111\u1ed3ng \u00fd v\u1edbi vi\u1ec7c s\u1eed d\u1ee5ng cookie theo ch\u00ednh s\u00e1ch n\u00e0y.","robots":{"index":"index","follow":"follow","max-snippet":"max-snippet:-1","max-image-preview":"max-image-preview:large","max-video-preview":"max-video-preview:-1"},"canonical":"https:\/\/brokerbinary.top\/vi\/cookie-policy\/","og_locale":"vi_VN","og_type":"article","og_title":"Ch\u00ednh s\u00e1ch Cookie (Cookie Policy)","og_description":"Ch\u00ednh s\u00e1ch Cookie n\u00e0y gi\u1ea3i th\u00edch c\u00e1ch cookie v\u00e0 c\u00e1c c\u00f4ng ngh\u1ec7 t\u01b0\u01a1ng t\u1ef1 \u0111\u01b0\u1ee3c s\u1eed d\u1ee5ng tr\u00ean trang web brokerbinary.top. B\u1eb1ng vi\u1ec7c s\u1eed d\u1ee5ng trang web n\u00e0y, b\u1ea1n \u0111\u1ed3ng \u00fd v\u1edbi vi\u1ec7c s\u1eed d\u1ee5ng cookie theo ch\u00ednh s\u00e1ch n\u00e0y.","og_url":"https:\/\/brokerbinary.top\/vi\/cookie-policy\/","article_modified_time":"2026-03-09T05:43:42+00:00","twitter_card":"summary_large_image","twitter_misc":{"Est. reading time":"4 minutes"},"schema":{"@context":"https:\/\/schema.org","@graph":[{"@type":"WebPage","@id":"https:\/\/brokerbinary.top\/vi\/cookie-policy\/","url":"https:\/\/brokerbinary.top\/vi\/cookie-policy\/","name":"Ch\u00ednh s\u00e1ch Cookie (Cookie Policy)","isPartOf":{"@id":"https:\/\/brokerbinary.top\/vi\/#website"},"datePublished":"2026-03-09T05:26:21+00:00","dateModified":"2026-03-09T05:43:42+00:00","description":"Ch\u00ednh s\u00e1ch Cookie n\u00e0y gi\u1ea3i th\u00edch c\u00e1ch cookie v\u00e0 c\u00e1c c\u00f4ng ngh\u1ec7 t\u01b0\u01a1ng t\u1ef1 \u0111\u01b0\u1ee3c s\u1eed d\u1ee5ng tr\u00ean trang web brokerbinary.top. B\u1eb1ng vi\u1ec7c s\u1eed d\u1ee5ng trang web n\u00e0y, b\u1ea1n \u0111\u1ed3ng \u00fd v\u1edbi vi\u1ec7c s\u1eed d\u1ee5ng cookie theo ch\u00ednh s\u00e1ch n\u00e0y.","breadcrumb":{"@id":"https:\/\/brokerbinary.top\/vi\/cookie-policy\/#breadcrumb"},"inLanguage":"vi-VN","potentialAction":[{"@type":"ReadAction","target":["https:\/\/brokerbinary.top\/vi\/cookie-policy\/"]}]},{"@type":"BreadcrumbList","@id":"https:\/\/brokerbinary.top\/vi\/cookie-policy\/#breadcrumb","itemListElement":[{"@type":"ListItem","position":1,"name":"\u0413\u043b\u0430\u0432\u043d\u0430\u044f \u0441\u0442\u0440\u0430\u043d\u0438\u0446\u0430","item":"https:\/\/brokerbinary.top\/vi\/home\/"},{"@type":"ListItem","position":2,"name":"Ch\u00ednh s\u00e1ch Cookie (Cookie Policy)"}]},{"@type":"WebSite","@id":"https:\/\/brokerbinary.top\/vi\/#website","url":"https:\/\/brokerbinary.top\/vi\/","name":"","description":"","potentialAction":[{"@type":"SearchAction","target":{"@type":"EntryPoint","urlTemplate":"https:\/\/brokerbinary.top\/vi\/?s={search_term_string}"},"query-input":{"@type":"PropertyValueSpecification","valueRequired":true,"valueName":"search_term_string"}}],"inLanguage":"vi-VN"}]}},"_links":{"self":[{"href":"https:\/\/brokerbinary.top\/vi\/wp-json\/wp\/v2\/pages\/24723","targetHints":{"allow":["GET"]}}],"collection":[{"href":"https:\/\/brokerbinary.top\/vi\/wp-json\/wp\/v2\/pages"}],"about":[{"href":"https:\/\/brokerbinary.top\/vi\/wp-json\/wp\/v2\/types\/page"}],"author":[{"embeddable":true,"href":"https:\/\/brokerbinary.top\/vi\/wp-json\/wp\/v2\/users\/1"}],"replies":[{"embeddable":true,"href":"https:\/\/brokerbinary.top\/vi\/wp-json\/wp\/v2\/comments?post=24723"}],"version-history":[{"count":1,"href":"https:\/\/brokerbinary.top\/vi\/wp-json\/wp\/v2\/pages\/24723\/revisions"}],"predecessor-version":[{"id":24765,"href":"https:\/\/brokerbinary.top\/vi\/wp-json\/wp\/v2\/pages\/24723\/revisions\/24765"}],"wp:attachment":[{"href":"https:\/\/brokerbinary.top\/vi\/wp-json\/wp\/v2\/media?parent=24723"}],"curies":[{"name":"wp","href":"https:\/\/api.w.org\/{rel}","templated":true}]}}