{"id":22914,"date":"2026-02-10T18:35:36","date_gmt":"2026-02-10T16:35:36","guid":{"rendered":"https:\/\/brokerbinary.top\/risk-disclosure\/"},"modified":"2026-02-10T18:52:40","modified_gmt":"2026-02-10T16:52:40","slug":"risk-disclosure","status":"publish","type":"page","link":"https:\/\/brokerbinary.top\/vi\/risk-disclosure\/","title":{"rendered":"C\u00f4ng b\u1ed1 R\u1ee7i ro (Risk Disclosure)"},"content":{"rendered":"\n<p>Giao d\u1ecbch, \u0111\u1ea7u t\u01b0 v\u00e0 tham gia v\u00e0o c\u00e1c th\u1ecb tr\u01b0\u1eddng t\u00e0i ch\u00ednh&nbsp;<strong>ti\u1ec1m \u1ea9n m\u1ee9c \u0111\u1ed9 r\u1ee7i ro cao<\/strong>&nbsp;v\u00e0 c\u00f3 th\u1ec3 kh\u00f4ng ph\u00f9 h\u1ee3p v\u1edbi t\u1ea5t c\u1ea3 ng\u01b0\u1eddi d\u00f9ng. Tr\u01b0\u1edbc khi tham gia b\u1ea5t k\u1ef3 ho\u1ea1t \u0111\u1ed9ng t\u00e0i ch\u00ednh n\u00e0o, ng\u01b0\u1eddi d\u00f9ng c\u1ea7n c\u00e2n nh\u1eafc k\u1ef9 t\u00ecnh h\u00ecnh t\u00e0i ch\u00ednh, kinh nghi\u1ec7m v\u00e0 kh\u1ea3 n\u0103ng ch\u1ea5p nh\u1eadn r\u1ee7i ro c\u1ee7a m\u00ecnh.<\/p>\n\n\n\n<p>Trang web&nbsp;<strong>https:\/\/brokerbinary.top\/<\/strong>&nbsp;<strong>kh\u00f4ng cung c\u1ea5p d\u1ecbch v\u1ee5 t\u00e0i ch\u00ednh<\/strong>, kh\u00f4ng th\u1ef1c hi\u1ec7n giao d\u1ecbch v\u00e0 kh\u00f4ng ho\u1ea1t \u0111\u1ed9ng v\u1edbi t\u01b0 c\u00e1ch l\u00e0 nh\u00e0 m\u00f4i gi\u1edbi, \u0111\u1ea1i l\u00fd hay c\u1ed1 v\u1ea5n t\u00e0i ch\u00ednh. M\u1ecdi th\u00f4ng tin \u0111\u01b0\u1ee3c \u0111\u0103ng t\u1ea3i tr\u00ean Trang web ch\u1ec9 nh\u1eb1m&nbsp;<strong>m\u1ee5c \u0111\u00edch th\u00f4ng tin v\u00e0 gi\u00e1o d\u1ee5c<\/strong>.<\/p>\n\n\n\n<h2 class=\"wp-block-heading\"><strong>R\u1ee7i ro M\u1ea5t m\u00e1t T\u00e0i ch\u00ednh<\/strong><\/h2>\n\n\n\n<p>C\u00e1c c\u00f4ng c\u1ee5 t\u00e0i ch\u00ednh, bao g\u1ed3m nh\u01b0ng kh\u00f4ng gi\u1edbi h\u1ea1n \u1edf ti\u1ec1n \u0111i\u1ec7n t\u1eed, t\u00e0i s\u1ea3n k\u1ef9 thu\u1eadt s\u1ed1, s\u1ea3n ph\u1ea9m ph\u00e1i sinh v\u00e0 c\u00e1c s\u1ea3n ph\u1ea9m mang t\u00ednh \u0111\u1ea7u c\u01a1 kh\u00e1c, ch\u1ecbu s\u1ef1 bi\u1ebfn \u0111\u1ed9ng l\u1edbn c\u1ee7a th\u1ecb tr\u01b0\u1eddng. Gi\u00e1 c\u1ea3 c\u00f3 th\u1ec3 thay \u0111\u1ed5i nhanh ch\u00f3ng v\u00e0 kh\u00f3 d\u1ef1 \u0111o\u00e1n, d\u1eabn \u0111\u1ebfn&nbsp;<strong>m\u1ea5t m\u1ed9t ph\u1ea7n ho\u1eb7c to\u00e0n b\u1ed9 s\u1ed1 v\u1ed1n \u0111\u00e3 \u0111\u1ea7u t\u01b0<\/strong>.<\/p>\n\n\n\n<p>Ng\u01b0\u1eddi d\u00f9ng c\u1ea7n nh\u1eadn th\u1ee9c r\u1eb1ng:<\/p>\n\n\n\n<ul class=\"wp-block-list\">\n<li>kh\u00f4ng c\u00f3 b\u1ea5t k\u1ef3 b\u1ea3o \u0111\u1ea3m n\u00e0o v\u1ec1 l\u1ee3i nhu\u1eadn hay thu nh\u1eadp;<\/li>\n\n\n\n<li>c\u00e1c kho\u1ea3n l\u1ed7 c\u00f3 th\u1ec3 v\u01b0\u1ee3t qu\u00e1 k\u1ef3 v\u1ecdng ban \u0111\u1ea7u;<\/li>\n\n\n\n<li>hi\u1ec7u su\u1ea5t trong qu\u00e1 kh\u1ee9\u00a0<strong>kh\u00f4ng ph\u1ea3n \u00e1nh k\u1ebft qu\u1ea3 trong t\u01b0\u01a1ng lai<\/strong>.<\/li>\n<\/ul>\n\n\n\n<h2 class=\"wp-block-heading\"><strong>R\u1ee7i ro Th\u1ecb tr\u01b0\u1eddng v\u00e0 V\u1eadn h\u00e0nh<\/strong><\/h2>\n\n\n\n<p>Vi\u1ec7c tham gia v\u00e0o th\u1ecb tr\u01b0\u1eddng t\u00e0i ch\u00ednh c\u00f3 th\u1ec3 bao g\u1ed3m nhi\u1ec1u r\u1ee7i ro, bao g\u1ed3m nh\u01b0ng kh\u00f4ng gi\u1edbi h\u1ea1n \u1edf:<\/p>\n\n\n\n<ul class=\"wp-block-list\">\n<li>bi\u1ebfn \u0111\u1ed9ng th\u1ecb tr\u01b0\u1eddng v\u00e0 dao \u0111\u1ed9ng gi\u00e1;<\/li>\n\n\n\n<li>r\u1ee7i ro thanh kho\u1ea3n, khi t\u00e0i s\u1ea3n kh\u00f4ng th\u1ec3 d\u1ec5 d\u00e0ng mua ho\u1eb7c b\u00e1n;<\/li>\n\n\n\n<li>r\u1ee7i ro k\u1ef9 thu\u1eadt li\u00ean quan \u0111\u1ebfn gi\u00e1n \u0111o\u1ea1n n\u1ec1n t\u1ea3ng, l\u1ed7i ph\u1ea7n m\u1ec1m ho\u1eb7c s\u1ef1 c\u1ed1 an ninh m\u1ea1ng;<\/li>\n\n\n\n<li>r\u1ee7i ro li\u00ean quan \u0111\u1ebfn c\u00e1c n\u1ec1n t\u1ea3ng, s\u00e0n giao d\u1ecbch ho\u1eb7c nh\u00e0 cung c\u1ea5p d\u1ecbch v\u1ee5 b\u00ean th\u1ee9 ba.<\/li>\n<\/ul>\n\n\n\n<p>Trang web kh\u00f4ng ki\u1ec3m so\u00e1t v\u00e0 kh\u00f4ng ch\u1ecbu tr\u00e1ch nhi\u1ec7m v\u1ec1 ho\u1ea1t \u0111\u1ed9ng, t\u00ednh \u1ed5n \u0111\u1ecbnh hay \u0111\u1ed9 tin c\u1eady c\u1ee7a b\u1ea5t k\u1ef3 d\u1ecbch v\u1ee5 b\u00ean th\u1ee9 ba n\u00e0o \u0111\u01b0\u1ee3c \u0111\u1ec1 c\u1eadp ho\u1eb7c \u0111\u00e1nh gi\u00e1 tr\u00ean Trang web.<\/p>\n\n\n\n<h2 class=\"wp-block-heading\"><strong>Tr\u00e1ch nhi\u1ec7m c\u1ee7a Ng\u01b0\u1eddi d\u00f9ng<\/strong><\/h2>\n\n\n\n<p>M\u1ecdi quy\u1ebft \u0111\u1ecbnh \u0111\u01b0\u1ee3c \u0111\u01b0a ra d\u1ef1a tr\u00ean th\u00f4ng tin thu th\u1eadp t\u1eeb&nbsp;<strong>brokerbinary.top<\/strong>&nbsp;\u0111\u1ec1u \u0111\u01b0\u1ee3c th\u1ef1c hi\u1ec7n&nbsp;<strong>theo to\u00e0n quy\u1ec1n quy\u1ebft \u0111\u1ecbnh v\u00e0 r\u1ee7i ro c\u1ee7a ng\u01b0\u1eddi d\u00f9ng<\/strong>. Ng\u01b0\u1eddi d\u00f9ng ho\u00e0n to\u00e0n ch\u1ecbu tr\u00e1ch nhi\u1ec7m trong vi\u1ec7c t\u1ef1 nghi\u00ean c\u1ee9u v\u00e0 \u0111\u00e1nh gi\u00e1 c\u00e1c r\u1ee7i ro li\u00ean quan \u0111\u1ebfn b\u1ea5t k\u1ef3 ho\u1ea1t \u0111\u1ed9ng t\u00e0i ch\u00ednh n\u00e0o.<\/p>\n\n\n\n<p>Ng\u01b0\u1eddi d\u00f9ng kh\u00f4ng n\u00ean \u0111\u1ea7u t\u01b0 s\u1ed1 ti\u1ec1n m\u00e0 h\u1ecd kh\u00f4ng th\u1ec3 ch\u1ea5p nh\u1eadn m\u1ea5t v\u00e0 \u0111\u01b0\u1ee3c khuy\u1ebfn ngh\u1ecb m\u1ea1nh m\u1ebd n\u00ean t\u00ecm ki\u1ebfm t\u01b0 v\u1ea5n chuy\u00ean m\u00f4n \u0111\u1ed9c l\u1eadp khi c\u1ea7n thi\u1ebft.<\/p>\n\n\n\n<h2 class=\"wp-block-heading\"><strong>Kh\u00f4ng c\u00f3 B\u1ea3o \u0111\u1ea3m hay Cam k\u1ebft<\/strong><\/h2>\n\n\n\n<p>Trang web kh\u00f4ng \u0111\u01b0a ra b\u1ea5t k\u1ef3 tuy\u00ean b\u1ed1 hay b\u1ea3o \u0111\u1ea3m n\u00e0o v\u1ec1 t\u00ednh ch\u00ednh x\u00e1c, \u0111\u1ea7y \u0111\u1ee7 ho\u1eb7c \u0111\u1ed9 tin c\u1eady c\u1ee7a th\u00f4ng tin \u0111\u01b0\u1ee3c cung c\u1ea5p. Vi\u1ec7c s\u1eed d\u1ee5ng b\u1ea5t k\u1ef3 th\u00f4ng tin n\u00e0o t\u1eeb Trang web \u0111\u1ec1u \u0111\u01b0\u1ee3c th\u1ef1c hi\u1ec7n&nbsp;<strong>ho\u00e0n to\u00e0n d\u01b0\u1edbi r\u1ee7i ro c\u1ee7a ng\u01b0\u1eddi d\u00f9ng<\/strong>.<\/p>\n\n\n\n<h2 class=\"wp-block-heading\"><strong>Ch\u1ea5p nh\u1eadn R\u1ee7i ro<\/strong><\/h2>\n\n\n\n<p>B\u1eb1ng vi\u1ec7c s\u1eed d\u1ee5ng&nbsp;<strong>brokerbinary.top<\/strong>, ng\u01b0\u1eddi d\u00f9ng x\u00e1c nh\u1eadn r\u1eb1ng h\u1ecd hi\u1ec3u r\u00f5 c\u00e1c r\u1ee7i ro li\u00ean quan \u0111\u1ebfn giao d\u1ecbch v\u00e0 \u0111\u1ea7u t\u01b0, \u0111\u1ed3ng th\u1eddi \u0111\u1ed3ng \u00fd r\u1eb1ng ban qu\u1ea3n tr\u1ecb Trang web s\u1ebd kh\u00f4ng ch\u1ecbu tr\u00e1ch nhi\u1ec7m \u0111\u1ed1i v\u1edbi b\u1ea5t k\u1ef3 t\u1ed5n th\u1ea5t, thi\u1ec7t h\u1ea1i hay k\u1ebft qu\u1ea3 b\u1ea5t l\u1ee3i n\u00e0o ph\u00e1t sinh t\u1eeb c\u00e1c quy\u1ebft \u0111\u1ecbnh t\u00e0i ch\u00ednh c\u1ee7a h\u1ecd.<\/p>\n\n\n\n<h2 class=\"wp-block-heading\"><strong>Thay \u0111\u1ed5i \u0111\u1ed1i v\u1edbi C\u00f4ng b\u1ed1 R\u1ee7i ro n\u00e0y<\/strong><\/h2>\n\n\n\n<p>Ban qu\u1ea3n tr\u1ecb Trang web b\u1ea3o l\u01b0u quy\u1ec1n c\u1eadp nh\u1eadt ho\u1eb7c s\u1eeda \u0111\u1ed5i C\u00f4ng b\u1ed1 R\u1ee7i ro n\u00e0y v\u00e0o b\u1ea5t k\u1ef3 th\u1eddi \u0111i\u1ec3m n\u00e0o. M\u1ecdi thay \u0111\u1ed5i s\u1ebd \u0111\u01b0\u1ee3c \u0111\u0103ng t\u1ea3i tr\u00ean trang n\u00e0y v\u00e0 c\u00f3 hi\u1ec7u l\u1ef1c ngay khi \u0111\u01b0\u1ee3c c\u00f4ng b\u1ed1. Vi\u1ec7c ti\u1ebfp t\u1ee5c s\u1eed d\u1ee5ng Trang web \u0111\u1ed3ng ngh\u0129a v\u1edbi vi\u1ec7c ch\u1ea5p nh\u1eadn C\u00f4ng b\u1ed1 R\u1ee7i ro \u0111\u00e3 \u0111\u01b0\u1ee3c c\u1eadp nh\u1eadt.<\/p>\n","protected":false},"excerpt":{"rendered":"<p>Giao d\u1ecbch, \u0111\u1ea7u t\u01b0 v\u00e0 tham gia v\u00e0o c\u00e1c th\u1ecb tr\u01b0\u1eddng t\u00e0i ch\u00ednh&nbsp;ti\u1ec1m \u1ea9n m\u1ee9c \u0111\u1ed9 r\u1ee7i ro cao&nbsp;v\u00e0 c\u00f3 th\u1ec3 kh\u00f4ng ph\u00f9 h\u1ee3p v\u1edbi t\u1ea5t c\u1ea3 ng\u01b0\u1eddi d\u00f9ng. Tr\u01b0\u1edbc khi tham gia b\u1ea5t k\u1ef3 ho\u1ea1t \u0111\u1ed9ng t\u00e0i ch\u00ednh n\u00e0o, ng\u01b0\u1eddi d\u00f9ng c\u1ea7n c\u00e2n nh\u1eafc k\u1ef9 t\u00ecnh h\u00ecnh t\u00e0i ch\u00ednh, kinh nghi\u1ec7m v\u00e0 kh\u1ea3 n\u0103ng [&hellip;]<\/p>\n","protected":false},"author":1,"featured_media":0,"parent":0,"menu_order":0,"comment_status":"closed","ping_status":"closed","template":"","meta":{"footnotes":""},"class_list":["post-22914","page","type-page","status-publish","hentry"],"yoast_head":"<title>C\u00f4ng b\u1ed1 R\u1ee7i ro (Risk Disclosure)<\/title>\n<meta name=\"description\" content=\"Trang web https:\/\/brokerbinary.top\/ kh\u00f4ng cung c\u1ea5p d\u1ecbch v\u1ee5 t\u00e0i ch\u00ednh, kh\u00f4ng th\u1ef1c hi\u1ec7n giao d\u1ecbch v\u00e0 kh\u00f4ng ho\u1ea1t \u0111\u1ed9ng v\u1edbi t\u01b0 c\u00e1ch l\u00e0 nh\u00e0 m\u00f4i gi\u1edbi, \u0111\u1ea1i l\u00fd hay c\u1ed1 v\u1ea5n t\u00e0i ch\u00ednh. M\u1ecdi th\u00f4ng tin \u0111\u01b0\u1ee3c \u0111\u0103ng t\u1ea3i tr\u00ean Trang web ch\u1ec9 nh\u1eb1m m\u1ee5c \u0111\u00edch th\u00f4ng tin v\u00e0 gi\u00e1o d\u1ee5c.\" \/>\n<meta name=\"robots\" content=\"index, follow, max-snippet:-1, max-image-preview:large, max-video-preview:-1\" \/>\n<link rel=\"canonical\" href=\"https:\/\/brokerbinary.top\/vi\/risk-disclosure\/\" \/>\n<meta property=\"og:locale\" content=\"vi_VN\" \/>\n<meta property=\"og:type\" content=\"article\" \/>\n<meta property=\"og:title\" content=\"C\u00f4ng b\u1ed1 R\u1ee7i ro (Risk Disclosure)\" \/>\n<meta property=\"og:description\" content=\"Trang web https:\/\/brokerbinary.top\/ kh\u00f4ng cung c\u1ea5p d\u1ecbch v\u1ee5 t\u00e0i ch\u00ednh, kh\u00f4ng th\u1ef1c hi\u1ec7n giao d\u1ecbch v\u00e0 kh\u00f4ng ho\u1ea1t \u0111\u1ed9ng v\u1edbi t\u01b0 c\u00e1ch l\u00e0 nh\u00e0 m\u00f4i gi\u1edbi, \u0111\u1ea1i l\u00fd hay c\u1ed1 v\u1ea5n t\u00e0i ch\u00ednh. M\u1ecdi th\u00f4ng tin \u0111\u01b0\u1ee3c \u0111\u0103ng t\u1ea3i tr\u00ean Trang web ch\u1ec9 nh\u1eb1m m\u1ee5c \u0111\u00edch th\u00f4ng tin v\u00e0 gi\u00e1o d\u1ee5c.\" \/>\n<meta property=\"og:url\" content=\"https:\/\/brokerbinary.top\/vi\/risk-disclosure\/\" \/>\n<meta property=\"article:modified_time\" content=\"2026-02-10T16:52:40+00:00\" \/>\n<meta name=\"twitter:card\" content=\"summary_large_image\" \/>\n<meta name=\"twitter:label1\" content=\"Est. reading time\" \/>\n\t<meta name=\"twitter:data1\" content=\"4 minutes\" \/>\n<script type=\"application\/ld+json\" class=\"yoast-schema-graph\">{\"@context\":\"https:\\\/\\\/schema.org\",\"@graph\":[{\"@type\":\"WebPage\",\"@id\":\"https:\\\/\\\/brokerbinary.top\\\/vi\\\/risk-disclosure\\\/\",\"url\":\"https:\\\/\\\/brokerbinary.top\\\/vi\\\/risk-disclosure\\\/\",\"name\":\"C\u00f4ng b\u1ed1 R\u1ee7i ro (Risk Disclosure)\",\"isPartOf\":{\"@id\":\"https:\\\/\\\/brokerbinary.top\\\/vi\\\/#website\"},\"datePublished\":\"2026-02-10T16:35:36+00:00\",\"dateModified\":\"2026-02-10T16:52:40+00:00\",\"description\":\"Trang web https:\\\/\\\/brokerbinary.top\\\/ kh\u00f4ng cung c\u1ea5p d\u1ecbch v\u1ee5 t\u00e0i ch\u00ednh, kh\u00f4ng th\u1ef1c hi\u1ec7n giao d\u1ecbch v\u00e0 kh\u00f4ng ho\u1ea1t \u0111\u1ed9ng v\u1edbi t\u01b0 c\u00e1ch l\u00e0 nh\u00e0 m\u00f4i gi\u1edbi, \u0111\u1ea1i l\u00fd hay c\u1ed1 v\u1ea5n t\u00e0i ch\u00ednh. M\u1ecdi th\u00f4ng tin \u0111\u01b0\u1ee3c \u0111\u0103ng t\u1ea3i tr\u00ean Trang web ch\u1ec9 nh\u1eb1m m\u1ee5c \u0111\u00edch th\u00f4ng tin v\u00e0 gi\u00e1o d\u1ee5c.\",\"breadcrumb\":{\"@id\":\"https:\\\/\\\/brokerbinary.top\\\/vi\\\/risk-disclosure\\\/#breadcrumb\"},\"inLanguage\":\"vi-VN\",\"potentialAction\":[{\"@type\":\"ReadAction\",\"target\":[\"https:\\\/\\\/brokerbinary.top\\\/vi\\\/risk-disclosure\\\/\"]}]},{\"@type\":\"BreadcrumbList\",\"@id\":\"https:\\\/\\\/brokerbinary.top\\\/vi\\\/risk-disclosure\\\/#breadcrumb\",\"itemListElement\":[{\"@type\":\"ListItem\",\"position\":1,\"name\":\"\u0413\u043b\u0430\u0432\u043d\u0430\u044f \u0441\u0442\u0440\u0430\u043d\u0438\u0446\u0430\",\"item\":\"https:\\\/\\\/brokerbinary.top\\\/vi\\\/home\\\/\"},{\"@type\":\"ListItem\",\"position\":2,\"name\":\"C\u00f4ng b\u1ed1 R\u1ee7i ro (Risk Disclosure)\"}]},{\"@type\":\"WebSite\",\"@id\":\"https:\\\/\\\/brokerbinary.top\\\/vi\\\/#website\",\"url\":\"https:\\\/\\\/brokerbinary.top\\\/vi\\\/\",\"name\":\"\",\"description\":\"\",\"potentialAction\":[{\"@type\":\"SearchAction\",\"target\":{\"@type\":\"EntryPoint\",\"urlTemplate\":\"https:\\\/\\\/brokerbinary.top\\\/vi\\\/?s={search_term_string}\"},\"query-input\":{\"@type\":\"PropertyValueSpecification\",\"valueRequired\":true,\"valueName\":\"search_term_string\"}}],\"inLanguage\":\"vi-VN\"}]}<\/script>","yoast_head_json":{"title":"C\u00f4ng b\u1ed1 R\u1ee7i ro (Risk Disclosure)","description":"Trang web https:\/\/brokerbinary.top\/ kh\u00f4ng cung c\u1ea5p d\u1ecbch v\u1ee5 t\u00e0i ch\u00ednh, kh\u00f4ng th\u1ef1c hi\u1ec7n giao d\u1ecbch v\u00e0 kh\u00f4ng ho\u1ea1t \u0111\u1ed9ng v\u1edbi t\u01b0 c\u00e1ch l\u00e0 nh\u00e0 m\u00f4i gi\u1edbi, \u0111\u1ea1i l\u00fd hay c\u1ed1 v\u1ea5n t\u00e0i ch\u00ednh. M\u1ecdi th\u00f4ng tin \u0111\u01b0\u1ee3c \u0111\u0103ng t\u1ea3i tr\u00ean Trang web ch\u1ec9 nh\u1eb1m m\u1ee5c \u0111\u00edch th\u00f4ng tin v\u00e0 gi\u00e1o d\u1ee5c.","robots":{"index":"index","follow":"follow","max-snippet":"max-snippet:-1","max-image-preview":"max-image-preview:large","max-video-preview":"max-video-preview:-1"},"canonical":"https:\/\/brokerbinary.top\/vi\/risk-disclosure\/","og_locale":"vi_VN","og_type":"article","og_title":"C\u00f4ng b\u1ed1 R\u1ee7i ro (Risk Disclosure)","og_description":"Trang web https:\/\/brokerbinary.top\/ kh\u00f4ng cung c\u1ea5p d\u1ecbch v\u1ee5 t\u00e0i ch\u00ednh, kh\u00f4ng th\u1ef1c hi\u1ec7n giao d\u1ecbch v\u00e0 kh\u00f4ng ho\u1ea1t \u0111\u1ed9ng v\u1edbi t\u01b0 c\u00e1ch l\u00e0 nh\u00e0 m\u00f4i gi\u1edbi, \u0111\u1ea1i l\u00fd hay c\u1ed1 v\u1ea5n t\u00e0i ch\u00ednh. M\u1ecdi th\u00f4ng tin \u0111\u01b0\u1ee3c \u0111\u0103ng t\u1ea3i tr\u00ean Trang web ch\u1ec9 nh\u1eb1m m\u1ee5c \u0111\u00edch th\u00f4ng tin v\u00e0 gi\u00e1o d\u1ee5c.","og_url":"https:\/\/brokerbinary.top\/vi\/risk-disclosure\/","article_modified_time":"2026-02-10T16:52:40+00:00","twitter_card":"summary_large_image","twitter_misc":{"Est. reading time":"4 minutes"},"schema":{"@context":"https:\/\/schema.org","@graph":[{"@type":"WebPage","@id":"https:\/\/brokerbinary.top\/vi\/risk-disclosure\/","url":"https:\/\/brokerbinary.top\/vi\/risk-disclosure\/","name":"C\u00f4ng b\u1ed1 R\u1ee7i ro (Risk Disclosure)","isPartOf":{"@id":"https:\/\/brokerbinary.top\/vi\/#website"},"datePublished":"2026-02-10T16:35:36+00:00","dateModified":"2026-02-10T16:52:40+00:00","description":"Trang web https:\/\/brokerbinary.top\/ kh\u00f4ng cung c\u1ea5p d\u1ecbch v\u1ee5 t\u00e0i ch\u00ednh, kh\u00f4ng th\u1ef1c hi\u1ec7n giao d\u1ecbch v\u00e0 kh\u00f4ng ho\u1ea1t \u0111\u1ed9ng v\u1edbi t\u01b0 c\u00e1ch l\u00e0 nh\u00e0 m\u00f4i gi\u1edbi, \u0111\u1ea1i l\u00fd hay c\u1ed1 v\u1ea5n t\u00e0i ch\u00ednh. M\u1ecdi th\u00f4ng tin \u0111\u01b0\u1ee3c \u0111\u0103ng t\u1ea3i tr\u00ean Trang web ch\u1ec9 nh\u1eb1m m\u1ee5c \u0111\u00edch th\u00f4ng tin v\u00e0 gi\u00e1o d\u1ee5c.","breadcrumb":{"@id":"https:\/\/brokerbinary.top\/vi\/risk-disclosure\/#breadcrumb"},"inLanguage":"vi-VN","potentialAction":[{"@type":"ReadAction","target":["https:\/\/brokerbinary.top\/vi\/risk-disclosure\/"]}]},{"@type":"BreadcrumbList","@id":"https:\/\/brokerbinary.top\/vi\/risk-disclosure\/#breadcrumb","itemListElement":[{"@type":"ListItem","position":1,"name":"\u0413\u043b\u0430\u0432\u043d\u0430\u044f \u0441\u0442\u0440\u0430\u043d\u0438\u0446\u0430","item":"https:\/\/brokerbinary.top\/vi\/home\/"},{"@type":"ListItem","position":2,"name":"C\u00f4ng b\u1ed1 R\u1ee7i ro (Risk Disclosure)"}]},{"@type":"WebSite","@id":"https:\/\/brokerbinary.top\/vi\/#website","url":"https:\/\/brokerbinary.top\/vi\/","name":"","description":"","potentialAction":[{"@type":"SearchAction","target":{"@type":"EntryPoint","urlTemplate":"https:\/\/brokerbinary.top\/vi\/?s={search_term_string}"},"query-input":{"@type":"PropertyValueSpecification","valueRequired":true,"valueName":"search_term_string"}}],"inLanguage":"vi-VN"}]}},"_links":{"self":[{"href":"https:\/\/brokerbinary.top\/vi\/wp-json\/wp\/v2\/pages\/22914","targetHints":{"allow":["GET"]}}],"collection":[{"href":"https:\/\/brokerbinary.top\/vi\/wp-json\/wp\/v2\/pages"}],"about":[{"href":"https:\/\/brokerbinary.top\/vi\/wp-json\/wp\/v2\/types\/page"}],"author":[{"embeddable":true,"href":"https:\/\/brokerbinary.top\/vi\/wp-json\/wp\/v2\/users\/1"}],"replies":[{"embeddable":true,"href":"https:\/\/brokerbinary.top\/vi\/wp-json\/wp\/v2\/comments?post=22914"}],"version-history":[{"count":1,"href":"https:\/\/brokerbinary.top\/vi\/wp-json\/wp\/v2\/pages\/22914\/revisions"}],"predecessor-version":[{"id":22955,"href":"https:\/\/brokerbinary.top\/vi\/wp-json\/wp\/v2\/pages\/22914\/revisions\/22955"}],"wp:attachment":[{"href":"https:\/\/brokerbinary.top\/vi\/wp-json\/wp\/v2\/media?parent=22914"}],"curies":[{"name":"wp","href":"https:\/\/api.w.org\/{rel}","templated":true}]}}