{"id":22826,"date":"2026-02-10T17:52:00","date_gmt":"2026-02-10T15:52:00","guid":{"rendered":"https:\/\/brokerbinary.top\/disclaimer\/"},"modified":"2026-02-10T18:25:24","modified_gmt":"2026-02-10T16:25:24","slug":"disclaimer","status":"publish","type":"page","link":"https:\/\/brokerbinary.top\/vi\/disclaimer\/","title":{"rendered":"Tuy\u00ean b\u1ed1 mi\u1ec5n tr\u1eeb tr\u00e1ch nhi\u1ec7m (Disclaimer)"},"content":{"rendered":"\n<p>T\u1ea5t c\u1ea3 th\u00f4ng tin \u0111\u01b0\u1ee3c \u0111\u0103ng t\u1ea3i tr\u00ean&nbsp;<strong>https:\/\/brokerbinary.top\/<\/strong>&nbsp;ch\u1ec9 \u0111\u01b0\u1ee3c cung c\u1ea5p&nbsp;<strong>v\u1edbi m\u1ee5c \u0111\u00edch th\u00f4ng tin v\u00e0 gi\u00e1o d\u1ee5c<\/strong>. N\u1ed9i dung tr\u00ean Trang web n\u00e0y kh\u00f4ng c\u1ea5u th\u00e0nh l\u1eddi khuy\u00ean t\u00e0i ch\u00ednh, \u0111\u1ea7u t\u01b0, ph\u00e1p l\u00fd ho\u1eb7c b\u1ea5t k\u1ef3 h\u00ecnh th\u1ee9c t\u01b0 v\u1ea5n chuy\u00ean m\u00f4n n\u00e0o kh\u00e1c.<\/p>\n\n\n\n<p>Ban qu\u1ea3n tr\u1ecb Trang web kh\u00f4ng \u0111\u01b0a ra b\u1ea5t k\u1ef3 cam k\u1ebft hay b\u1ea3o \u0111\u1ea3m n\u00e0o v\u1ec1 t\u00ednh \u0111\u1ea7y \u0111\u1ee7, ch\u00ednh x\u00e1c, \u0111\u1ed9 tin c\u1eady ho\u1eb7c t\u00ednh k\u1ecbp th\u1eddi c\u1ee7a th\u00f4ng tin \u0111\u01b0\u1ee3c cung c\u1ea5p v\u00e0 kh\u00f4ng ch\u1ecbu tr\u00e1ch nhi\u1ec7m \u0111\u1ed1i v\u1edbi b\u1ea5t k\u1ef3 quy\u1ebft \u0111\u1ecbnh ho\u1eb7c h\u00e0nh \u0111\u1ed9ng n\u00e0o c\u1ee7a ng\u01b0\u1eddi d\u00f9ng d\u1ef1a tr\u00ean c\u00e1c n\u1ed9i dung \u0111\u01b0\u1ee3c \u0111\u0103ng t\u1ea3i tr\u00ean Trang web. M\u1ecdi h\u00e0nh \u0111\u1ed9ng \u0111\u01b0\u1ee3c th\u1ef1c hi\u1ec7n d\u1ef1a tr\u00ean th\u00f4ng tin t\u1eeb Trang web n\u00e0y \u0111\u1ec1u \u0111\u01b0\u1ee3c th\u1ef1c hi\u1ec7n&nbsp;<strong>ho\u00e0n to\u00e0n d\u01b0\u1edbi r\u1ee7i ro c\u1ee7a ng\u01b0\u1eddi d\u00f9ng<\/strong>.<\/p>\n\n\n\n<p>Trang web kh\u00f4ng b\u1ea3o \u0111\u1ea3m b\u1ea5t k\u1ef3 kho\u1ea3n thu nh\u1eadp, l\u1ee3i nhu\u1eadn hay k\u1ebft qu\u1ea3 t\u00e0i ch\u00ednh c\u1ee5 th\u1ec3 n\u00e0o. C\u00e1c n\u1ed9i dung \u0111\u01b0\u1ee3c \u0111\u0103ng t\u1ea3i kh\u00f4ng \u0111\u01b0\u1ee3c hi\u1ec3u l\u00e0 l\u1eddi m\u1eddi ch\u00e0o, khuy\u1ebfn ngh\u1ecb ho\u1eb7c kh\u00edch l\u1ec7 tham gia giao d\u1ecbch, \u0111\u1ea7u t\u01b0 hay s\u1eed d\u1ee5ng b\u1ea5t k\u1ef3 c\u00f4ng c\u1ee5 t\u00e0i ch\u00ednh c\u1ee5 th\u1ec3 n\u00e0o.<\/p>\n\n\n\n<h2 class=\"wp-block-heading\"><strong>T\u00e0i nguy\u00ean c\u1ee7a b\u00ean th\u1ee9 ba<\/strong><\/h2>\n\n\n\n<p>Trang web&nbsp;<strong>brokerbinary.top<\/strong>&nbsp;c\u00f3 th\u1ec3 ch\u1ee9a c\u00e1c li\u00ean k\u1ebft d\u1eabn \u0111\u1ebfn trang web c\u1ee7a b\u00ean th\u1ee9 ba v\u00e0 c\u00e1c t\u00e0i nguy\u00ean b\u00ean ngo\u00e0i. C\u00e1c li\u00ean k\u1ebft n\u00e0y ch\u1ec9 \u0111\u01b0\u1ee3c cung c\u1ea5p nh\u1eb1m t\u1ea1o s\u1ef1 thu\u1eadn ti\u1ec7n cho ng\u01b0\u1eddi d\u00f9ng.<\/p>\n\n\n\n<p>Ban qu\u1ea3n tr\u1ecb Trang web:<\/p>\n\n\n\n<ul class=\"wp-block-list\">\n<li>kh\u00f4ng ki\u1ec3m so\u00e1t n\u1ed9i dung c\u1ee7a c\u00e1c trang web b\u00ean th\u1ee9 ba;<\/li>\n\n\n\n<li>kh\u00f4ng ch\u1ecbu tr\u00e1ch nhi\u1ec7m \u0111\u1ed1i v\u1edbi ch\u00ednh s\u00e1ch, d\u1ecbch v\u1ee5, th\u00f4ng tin ho\u1eb7c h\u00e0nh vi c\u1ee7a c\u00e1c trang web \u0111\u00f3;<\/li>\n\n\n\n<li>kh\u00f4ng b\u1ea3o \u0111\u1ea3m t\u00ednh ch\u00ednh x\u00e1c, t\u00ednh ph\u00f9 h\u1ee3p ho\u1eb7c ch\u1ea5t l\u01b0\u1ee3ng c\u1ee7a th\u00f4ng tin tr\u00ean c\u00e1c t\u00e0i nguy\u00ean b\u00ean ngo\u00e0i.<\/li>\n<\/ul>\n\n\n\n<p>Khi truy c\u1eadp c\u00e1c li\u00ean k\u1ebft b\u00ean ngo\u00e0i, ng\u01b0\u1eddi d\u00f9ng th\u1eeba nh\u1eadn r\u1eb1ng h\u1ecd th\u1ef1c hi\u1ec7n vi\u1ec7c \u0111\u00f3 theo quy\u1ebft \u0111\u1ecbnh v\u00e0 r\u1ee7i ro c\u1ee7a ri\u00eang m\u00ecnh, \u0111\u1ed3ng th\u1eddi c\u00f3 tr\u00e1ch nhi\u1ec7m xem x\u00e9t c\u00e1c \u0111i\u1ec1u kho\u1ea3n s\u1eed d\u1ee5ng v\u00e0 ch\u00ednh s\u00e1ch quy\u1ec1n ri\u00eang t\u01b0 c\u1ee7a c\u00e1c trang web b\u00ean th\u1ee9 ba li\u00ean quan.<\/p>\n\n\n\n<h2 class=\"wp-block-heading\"><strong>Li\u00ean k\u1ebft ti\u1ebfp th\u1ecb li\u00ean k\u1ebft v\u00e0 qu\u1ea3ng c\u00e1o<\/strong><\/h2>\n\n\n\n<p>Trang web c\u00f3 th\u1ec3 bao g\u1ed3m&nbsp;<strong>li\u00ean k\u1ebft ti\u1ebfp th\u1ecb li\u00ean k\u1ebft (affiliate)<\/strong>&nbsp;v\u00e0 c\u00e1c n\u1ed9i dung qu\u1ea3ng c\u00e1o. Khi ng\u01b0\u1eddi d\u00f9ng nh\u1ea5p v\u00e0o m\u1ed9t li\u00ean k\u1ebft ti\u1ebfp th\u1ecb li\u00ean k\u1ebft, ban qu\u1ea3n tr\u1ecb Trang web c\u00f3 th\u1ec3 nh\u1eadn \u0111\u01b0\u1ee3c hoa h\u1ed3ng&nbsp;<strong>m\u00e0 kh\u00f4ng ph\u00e1t sinh th\u00eam chi ph\u00ed n\u00e0o cho ng\u01b0\u1eddi d\u00f9ng<\/strong>.<\/p>\n\n\n\n<p>Ban qu\u1ea3n tr\u1ecb Trang web kh\u00f4ng ch\u1ecbu tr\u00e1ch nhi\u1ec7m \u0111\u1ed1i v\u1edbi c\u00e1c s\u1ea3n ph\u1ea9m, d\u1ecbch v\u1ee5 ho\u1eb7c \u01b0u \u0111\u00e3i do c\u00e1c nh\u00e0 qu\u1ea3ng c\u00e1o ho\u1eb7c \u0111\u1ed1i t\u00e1c ti\u1ebfp th\u1ecb li\u00ean k\u1ebft cung c\u1ea5p.<\/p>\n\n\n\n<h2 class=\"wp-block-heading\"><strong>Kh\u00f4ng h\u00ecnh th\u00e0nh quan h\u1ec7 h\u1ee3p \u0111\u1ed3ng<\/strong><\/h2>\n\n\n\n<p>Vi\u1ec7c s\u1eed d\u1ee5ng&nbsp;<strong>brokerbinary.top<\/strong>&nbsp;kh\u00f4ng t\u1ea1o ra b\u1ea5t k\u1ef3 m\u1ed1i quan h\u1ec7 h\u1ee3p \u0111\u1ed3ng, quan h\u1ec7 \u1ee7y th\u00e1c hay quan h\u1ec7 r\u00e0ng bu\u1ed9c ph\u00e1p l\u00fd n\u00e0o gi\u1eefa ng\u01b0\u1eddi d\u00f9ng v\u00e0 ban qu\u1ea3n tr\u1ecb Trang web, ngo\u1ea1i tr\u1eeb nh\u1eefng tr\u01b0\u1eddng h\u1ee3p \u0111\u01b0\u1ee3c quy \u0111\u1ecbnh r\u00f5 r\u00e0ng trong&nbsp;<strong>\u0110i\u1ec1u kho\u1ea3n v\u00e0 \u0110i\u1ec1u ki\u1ec7n (Terms and Conditions)<\/strong>.<\/p>\n\n\n\n<p>Ban qu\u1ea3n tr\u1ecb Trang web b\u1ea3o l\u01b0u quy\u1ec1n h\u1ea1n ch\u1ebf ho\u1eb7c ch\u1ea5m d\u1ee9t quy\u1ec1n truy c\u1eadp v\u00e0o Trang web ho\u1eb7c b\u1ea5t k\u1ef3 ph\u1ea7n n\u00e0o c\u1ee7a Trang web v\u00e0o b\u1ea5t k\u1ef3 th\u1eddi \u0111i\u1ec3m n\u00e0o m\u00e0 kh\u00f4ng c\u1ea7n th\u00f4ng b\u00e1o tr\u01b0\u1edbc.<\/p>\n\n\n\n<h2 class=\"wp-block-heading\"><strong>Nh\u00e3n hi\u1ec7u v\u00e0 quy\u1ec1n s\u1edf h\u1eefu tr\u00ed tu\u1ec7<\/strong><\/h2>\n\n\n\n<p>T\u1ea5t c\u1ea3 c\u00e1c nh\u00e3n hi\u1ec7u, logo, t\u00ean s\u1ea3n ph\u1ea9m, t\u00ean c\u00f4ng ty v\u00e0 nh\u00e3n d\u1ecbch v\u1ee5 \u0111\u01b0\u1ee3c \u0111\u1ec1 c\u1eadp tr\u00ean&nbsp;<strong>brokerbinary.top<\/strong>&nbsp;\u0111\u1ec1u thu\u1ed9c quy\u1ec1n s\u1edf h\u1eefu c\u1ee7a c\u00e1c ch\u1ee7 s\u1edf h\u1eefu t\u01b0\u01a1ng \u1ee9ng. C\u00e1c n\u1ed9i dung \u0111\u1ec1 c\u1eadp n\u00e0y ch\u1ec9 nh\u1eb1m m\u1ee5c \u0111\u00edch th\u00f4ng tin.<\/p>\n\n\n\n<h2 class=\"wp-block-heading\"><strong>Ch\u1ea5p nh\u1eadn tuy\u00ean b\u1ed1 mi\u1ec5n tr\u1eeb tr\u00e1ch nhi\u1ec7m n\u00e0y<\/strong><\/h2>\n\n\n\n<p>B\u1eb1ng vi\u1ec7c s\u1eed d\u1ee5ng&nbsp;<strong>brokerbinary.top<\/strong>, ng\u01b0\u1eddi d\u00f9ng x\u00e1c nh\u1eadn r\u1eb1ng h\u1ecd \u0111\u00e3 \u0111\u1ecdc, hi\u1ec3u v\u00e0 ho\u00e0n to\u00e0n \u0111\u1ed3ng \u00fd v\u1edbi Tuy\u00ean b\u1ed1 mi\u1ec5n tr\u1eeb tr\u00e1ch nhi\u1ec7m n\u00e0y.<\/p>\n\n\n\n<h2 class=\"wp-block-heading\"><strong>Thay \u0111\u1ed5i tuy\u00ean b\u1ed1 mi\u1ec5n tr\u1eeb tr\u00e1ch nhi\u1ec7m<\/strong><\/h2>\n\n\n\n<p>Ban qu\u1ea3n tr\u1ecb Trang web b\u1ea3o l\u01b0u quy\u1ec1n s\u1eeda \u0111\u1ed5i Tuy\u00ean b\u1ed1 mi\u1ec5n tr\u1eeb tr\u00e1ch nhi\u1ec7m n\u00e0y v\u00e0o b\u1ea5t k\u1ef3 th\u1eddi \u0111i\u1ec3m n\u00e0o. M\u1ecdi thay \u0111\u1ed5i s\u1ebd \u0111\u01b0\u1ee3c \u0111\u0103ng t\u1ea3i tr\u00ean trang n\u00e0y v\u00e0 c\u00f3 hi\u1ec7u l\u1ef1c ngay t\u1ea1i th\u1eddi \u0111i\u1ec3m c\u00f4ng b\u1ed1. Vi\u1ec7c ti\u1ebfp t\u1ee5c s\u1eed d\u1ee5ng Trang web \u0111\u1ed3ng ngh\u0129a v\u1edbi vi\u1ec7c ch\u1ea5p nh\u1eadn Tuy\u00ean b\u1ed1 mi\u1ec5n tr\u1eeb tr\u00e1ch nhi\u1ec7m \u0111\u00e3 \u0111\u01b0\u1ee3c c\u1eadp nh\u1eadt.<\/p>\n","protected":false},"excerpt":{"rendered":"<p>T\u1ea5t c\u1ea3 th\u00f4ng tin \u0111\u01b0\u1ee3c \u0111\u0103ng t\u1ea3i tr\u00ean&nbsp;https:\/\/brokerbinary.top\/&nbsp;ch\u1ec9 \u0111\u01b0\u1ee3c cung c\u1ea5p&nbsp;v\u1edbi m\u1ee5c \u0111\u00edch th\u00f4ng tin v\u00e0 gi\u00e1o d\u1ee5c. N\u1ed9i dung tr\u00ean Trang web n\u00e0y kh\u00f4ng c\u1ea5u th\u00e0nh l\u1eddi khuy\u00ean t\u00e0i ch\u00ednh, \u0111\u1ea7u t\u01b0, ph\u00e1p l\u00fd ho\u1eb7c b\u1ea5t k\u1ef3 h\u00ecnh th\u1ee9c t\u01b0 v\u1ea5n chuy\u00ean m\u00f4n n\u00e0o kh\u00e1c. Ban qu\u1ea3n tr\u1ecb Trang web kh\u00f4ng \u0111\u01b0a ra b\u1ea5t [&hellip;]<\/p>\n","protected":false},"author":1,"featured_media":0,"parent":0,"menu_order":0,"comment_status":"closed","ping_status":"closed","template":"","meta":{"footnotes":""},"class_list":["post-22826","page","type-page","status-publish","hentry"],"yoast_head":"<title>Tuy\u00ean b\u1ed1 mi\u1ec5n tr\u1eeb tr\u00e1ch nhi\u1ec7m (Disclaimer)<\/title>\n<meta name=\"description\" content=\"T\u1ea5t c\u1ea3 th\u00f4ng tin \u0111\u01b0\u1ee3c \u0111\u0103ng t\u1ea3i tr\u00ean\u00a0https:\/\/brokerbinary.top\/\u00a0ch\u1ec9 \u0111\u01b0\u1ee3c cung c\u1ea5p\u00a0v\u1edbi m\u1ee5c \u0111\u00edch th\u00f4ng tin v\u00e0 gi\u00e1o d\u1ee5c. N\u1ed9i dung tr\u00ean Trang web n\u00e0y kh\u00f4ng c\u1ea5u th\u00e0nh l\u1eddi khuy\u00ean t\u00e0i ch\u00ednh, \u0111\u1ea7u t\u01b0, ph\u00e1p l\u00fd ho\u1eb7c b\u1ea5t k\u1ef3 h\u00ecnh th\u1ee9c t\u01b0 v\u1ea5n chuy\u00ean m\u00f4n n\u00e0o kh\u00e1c.\" \/>\n<meta name=\"robots\" content=\"index, follow, max-snippet:-1, max-image-preview:large, max-video-preview:-1\" \/>\n<link rel=\"canonical\" href=\"https:\/\/brokerbinary.top\/vi\/disclaimer\/\" \/>\n<meta property=\"og:locale\" content=\"vi_VN\" \/>\n<meta property=\"og:type\" content=\"article\" \/>\n<meta property=\"og:title\" content=\"Tuy\u00ean b\u1ed1 mi\u1ec5n tr\u1eeb tr\u00e1ch nhi\u1ec7m (Disclaimer)\" \/>\n<meta property=\"og:description\" content=\"T\u1ea5t c\u1ea3 th\u00f4ng tin \u0111\u01b0\u1ee3c \u0111\u0103ng t\u1ea3i tr\u00ean\u00a0https:\/\/brokerbinary.top\/\u00a0ch\u1ec9 \u0111\u01b0\u1ee3c cung c\u1ea5p\u00a0v\u1edbi m\u1ee5c \u0111\u00edch th\u00f4ng tin v\u00e0 gi\u00e1o d\u1ee5c. N\u1ed9i dung tr\u00ean Trang web n\u00e0y kh\u00f4ng c\u1ea5u th\u00e0nh l\u1eddi khuy\u00ean t\u00e0i ch\u00ednh, \u0111\u1ea7u t\u01b0, ph\u00e1p l\u00fd ho\u1eb7c b\u1ea5t k\u1ef3 h\u00ecnh th\u1ee9c t\u01b0 v\u1ea5n chuy\u00ean m\u00f4n n\u00e0o kh\u00e1c.\" \/>\n<meta property=\"og:url\" content=\"https:\/\/brokerbinary.top\/vi\/disclaimer\/\" \/>\n<meta property=\"article:modified_time\" content=\"2026-02-10T16:25:24+00:00\" \/>\n<meta name=\"twitter:card\" content=\"summary_large_image\" \/>\n<meta name=\"twitter:label1\" content=\"Est. reading time\" \/>\n\t<meta name=\"twitter:data1\" content=\"4 minutes\" \/>\n<script type=\"application\/ld+json\" class=\"yoast-schema-graph\">{\"@context\":\"https:\\\/\\\/schema.org\",\"@graph\":[{\"@type\":\"WebPage\",\"@id\":\"https:\\\/\\\/brokerbinary.top\\\/vi\\\/disclaimer\\\/\",\"url\":\"https:\\\/\\\/brokerbinary.top\\\/vi\\\/disclaimer\\\/\",\"name\":\"Tuy\u00ean b\u1ed1 mi\u1ec5n tr\u1eeb tr\u00e1ch nhi\u1ec7m (Disclaimer)\",\"isPartOf\":{\"@id\":\"https:\\\/\\\/brokerbinary.top\\\/vi\\\/#website\"},\"datePublished\":\"2026-02-10T15:52:00+00:00\",\"dateModified\":\"2026-02-10T16:25:24+00:00\",\"description\":\"T\u1ea5t c\u1ea3 th\u00f4ng tin \u0111\u01b0\u1ee3c \u0111\u0103ng t\u1ea3i tr\u00ean\u00a0https:\\\/\\\/brokerbinary.top\\\/\u00a0ch\u1ec9 \u0111\u01b0\u1ee3c cung c\u1ea5p\u00a0v\u1edbi m\u1ee5c \u0111\u00edch th\u00f4ng tin v\u00e0 gi\u00e1o d\u1ee5c. N\u1ed9i dung tr\u00ean Trang web n\u00e0y kh\u00f4ng c\u1ea5u th\u00e0nh l\u1eddi khuy\u00ean t\u00e0i ch\u00ednh, \u0111\u1ea7u t\u01b0, ph\u00e1p l\u00fd ho\u1eb7c b\u1ea5t k\u1ef3 h\u00ecnh th\u1ee9c t\u01b0 v\u1ea5n chuy\u00ean m\u00f4n n\u00e0o kh\u00e1c.\",\"breadcrumb\":{\"@id\":\"https:\\\/\\\/brokerbinary.top\\\/vi\\\/disclaimer\\\/#breadcrumb\"},\"inLanguage\":\"vi-VN\",\"potentialAction\":[{\"@type\":\"ReadAction\",\"target\":[\"https:\\\/\\\/brokerbinary.top\\\/vi\\\/disclaimer\\\/\"]}]},{\"@type\":\"BreadcrumbList\",\"@id\":\"https:\\\/\\\/brokerbinary.top\\\/vi\\\/disclaimer\\\/#breadcrumb\",\"itemListElement\":[{\"@type\":\"ListItem\",\"position\":1,\"name\":\"\u0413\u043b\u0430\u0432\u043d\u0430\u044f \u0441\u0442\u0440\u0430\u043d\u0438\u0446\u0430\",\"item\":\"https:\\\/\\\/brokerbinary.top\\\/vi\\\/home\\\/\"},{\"@type\":\"ListItem\",\"position\":2,\"name\":\"Tuy\u00ean b\u1ed1 mi\u1ec5n tr\u1eeb tr\u00e1ch nhi\u1ec7m (Disclaimer)\"}]},{\"@type\":\"WebSite\",\"@id\":\"https:\\\/\\\/brokerbinary.top\\\/vi\\\/#website\",\"url\":\"https:\\\/\\\/brokerbinary.top\\\/vi\\\/\",\"name\":\"\",\"description\":\"\",\"potentialAction\":[{\"@type\":\"SearchAction\",\"target\":{\"@type\":\"EntryPoint\",\"urlTemplate\":\"https:\\\/\\\/brokerbinary.top\\\/vi\\\/?s={search_term_string}\"},\"query-input\":{\"@type\":\"PropertyValueSpecification\",\"valueRequired\":true,\"valueName\":\"search_term_string\"}}],\"inLanguage\":\"vi-VN\"}]}<\/script>","yoast_head_json":{"title":"Tuy\u00ean b\u1ed1 mi\u1ec5n tr\u1eeb tr\u00e1ch nhi\u1ec7m (Disclaimer)","description":"T\u1ea5t c\u1ea3 th\u00f4ng tin \u0111\u01b0\u1ee3c \u0111\u0103ng t\u1ea3i tr\u00ean\u00a0https:\/\/brokerbinary.top\/\u00a0ch\u1ec9 \u0111\u01b0\u1ee3c cung c\u1ea5p\u00a0v\u1edbi m\u1ee5c \u0111\u00edch th\u00f4ng tin v\u00e0 gi\u00e1o d\u1ee5c. N\u1ed9i dung tr\u00ean Trang web n\u00e0y kh\u00f4ng c\u1ea5u th\u00e0nh l\u1eddi khuy\u00ean t\u00e0i ch\u00ednh, \u0111\u1ea7u t\u01b0, ph\u00e1p l\u00fd ho\u1eb7c b\u1ea5t k\u1ef3 h\u00ecnh th\u1ee9c t\u01b0 v\u1ea5n chuy\u00ean m\u00f4n n\u00e0o kh\u00e1c.","robots":{"index":"index","follow":"follow","max-snippet":"max-snippet:-1","max-image-preview":"max-image-preview:large","max-video-preview":"max-video-preview:-1"},"canonical":"https:\/\/brokerbinary.top\/vi\/disclaimer\/","og_locale":"vi_VN","og_type":"article","og_title":"Tuy\u00ean b\u1ed1 mi\u1ec5n tr\u1eeb tr\u00e1ch nhi\u1ec7m (Disclaimer)","og_description":"T\u1ea5t c\u1ea3 th\u00f4ng tin \u0111\u01b0\u1ee3c \u0111\u0103ng t\u1ea3i tr\u00ean\u00a0https:\/\/brokerbinary.top\/\u00a0ch\u1ec9 \u0111\u01b0\u1ee3c cung c\u1ea5p\u00a0v\u1edbi m\u1ee5c \u0111\u00edch th\u00f4ng tin v\u00e0 gi\u00e1o d\u1ee5c. N\u1ed9i dung tr\u00ean Trang web n\u00e0y kh\u00f4ng c\u1ea5u th\u00e0nh l\u1eddi khuy\u00ean t\u00e0i ch\u00ednh, \u0111\u1ea7u t\u01b0, ph\u00e1p l\u00fd ho\u1eb7c b\u1ea5t k\u1ef3 h\u00ecnh th\u1ee9c t\u01b0 v\u1ea5n chuy\u00ean m\u00f4n n\u00e0o kh\u00e1c.","og_url":"https:\/\/brokerbinary.top\/vi\/disclaimer\/","article_modified_time":"2026-02-10T16:25:24+00:00","twitter_card":"summary_large_image","twitter_misc":{"Est. reading time":"4 minutes"},"schema":{"@context":"https:\/\/schema.org","@graph":[{"@type":"WebPage","@id":"https:\/\/brokerbinary.top\/vi\/disclaimer\/","url":"https:\/\/brokerbinary.top\/vi\/disclaimer\/","name":"Tuy\u00ean b\u1ed1 mi\u1ec5n tr\u1eeb tr\u00e1ch nhi\u1ec7m (Disclaimer)","isPartOf":{"@id":"https:\/\/brokerbinary.top\/vi\/#website"},"datePublished":"2026-02-10T15:52:00+00:00","dateModified":"2026-02-10T16:25:24+00:00","description":"T\u1ea5t c\u1ea3 th\u00f4ng tin \u0111\u01b0\u1ee3c \u0111\u0103ng t\u1ea3i tr\u00ean\u00a0https:\/\/brokerbinary.top\/\u00a0ch\u1ec9 \u0111\u01b0\u1ee3c cung c\u1ea5p\u00a0v\u1edbi m\u1ee5c \u0111\u00edch th\u00f4ng tin v\u00e0 gi\u00e1o d\u1ee5c. N\u1ed9i dung tr\u00ean Trang web n\u00e0y kh\u00f4ng c\u1ea5u th\u00e0nh l\u1eddi khuy\u00ean t\u00e0i ch\u00ednh, \u0111\u1ea7u t\u01b0, ph\u00e1p l\u00fd ho\u1eb7c b\u1ea5t k\u1ef3 h\u00ecnh th\u1ee9c t\u01b0 v\u1ea5n chuy\u00ean m\u00f4n n\u00e0o kh\u00e1c.","breadcrumb":{"@id":"https:\/\/brokerbinary.top\/vi\/disclaimer\/#breadcrumb"},"inLanguage":"vi-VN","potentialAction":[{"@type":"ReadAction","target":["https:\/\/brokerbinary.top\/vi\/disclaimer\/"]}]},{"@type":"BreadcrumbList","@id":"https:\/\/brokerbinary.top\/vi\/disclaimer\/#breadcrumb","itemListElement":[{"@type":"ListItem","position":1,"name":"\u0413\u043b\u0430\u0432\u043d\u0430\u044f \u0441\u0442\u0440\u0430\u043d\u0438\u0446\u0430","item":"https:\/\/brokerbinary.top\/vi\/home\/"},{"@type":"ListItem","position":2,"name":"Tuy\u00ean b\u1ed1 mi\u1ec5n tr\u1eeb tr\u00e1ch nhi\u1ec7m (Disclaimer)"}]},{"@type":"WebSite","@id":"https:\/\/brokerbinary.top\/vi\/#website","url":"https:\/\/brokerbinary.top\/vi\/","name":"","description":"","potentialAction":[{"@type":"SearchAction","target":{"@type":"EntryPoint","urlTemplate":"https:\/\/brokerbinary.top\/vi\/?s={search_term_string}"},"query-input":{"@type":"PropertyValueSpecification","valueRequired":true,"valueName":"search_term_string"}}],"inLanguage":"vi-VN"}]}},"_links":{"self":[{"href":"https:\/\/brokerbinary.top\/vi\/wp-json\/wp\/v2\/pages\/22826","targetHints":{"allow":["GET"]}}],"collection":[{"href":"https:\/\/brokerbinary.top\/vi\/wp-json\/wp\/v2\/pages"}],"about":[{"href":"https:\/\/brokerbinary.top\/vi\/wp-json\/wp\/v2\/types\/page"}],"author":[{"embeddable":true,"href":"https:\/\/brokerbinary.top\/vi\/wp-json\/wp\/v2\/users\/1"}],"replies":[{"embeddable":true,"href":"https:\/\/brokerbinary.top\/vi\/wp-json\/wp\/v2\/comments?post=22826"}],"version-history":[{"count":1,"href":"https:\/\/brokerbinary.top\/vi\/wp-json\/wp\/v2\/pages\/22826\/revisions"}],"predecessor-version":[{"id":22884,"href":"https:\/\/brokerbinary.top\/vi\/wp-json\/wp\/v2\/pages\/22826\/revisions\/22884"}],"wp:attachment":[{"href":"https:\/\/brokerbinary.top\/vi\/wp-json\/wp\/v2\/media?parent=22826"}],"curies":[{"name":"wp","href":"https:\/\/api.w.org\/{rel}","templated":true}]}}