{"id":22754,"date":"2026-02-10T17:04:49","date_gmt":"2026-02-10T15:04:49","guid":{"rendered":"https:\/\/brokerbinary.top\/privacy-policy\/"},"modified":"2026-02-10T17:35:44","modified_gmt":"2026-02-10T15:35:44","slug":"privacy-policy","status":"publish","type":"page","link":"https:\/\/brokerbinary.top\/vi\/privacy-policy\/","title":{"rendered":"Ch\u00ednh s\u00e1ch quy\u1ec1n ri\u00eang t\u01b0 (Privacy Policy)"},"content":{"rendered":"\n<p>Ch\u00ednh s\u00e1ch Quy\u1ec1n ri\u00eang t\u01b0 n\u00e0y m\u00f4 t\u1ea3 c\u00e1ch&nbsp;<strong>https:\/\/brokerbinary.top\/<\/strong>&nbsp;(\u201cTrang web\u201d, \u201cch\u00fang t\u00f4i\u201d) thu th\u1eadp, s\u1eed d\u1ee5ng v\u00e0 b\u1ea3o v\u1ec7 th\u00f4ng tin khi b\u1ea1n truy c\u1eadp ho\u1eb7c t\u01b0\u01a1ng t\u00e1c v\u1edbi Trang web.<\/p>\n\n\n\n<p>B\u1eb1ng vi\u1ec7c s\u1eed d\u1ee5ng Trang web, b\u1ea1n \u0111\u1ed3ng \u00fd v\u1edbi vi\u1ec7c thu th\u1eadp v\u00e0 s\u1eed d\u1ee5ng th\u00f4ng tin theo Ch\u00ednh s\u00e1ch Quy\u1ec1n ri\u00eang t\u01b0 n\u00e0y.<\/p>\n\n\n\n<h2 class=\"wp-block-heading\"><strong>1. Th\u00f4ng tin ch\u00fang t\u00f4i thu th\u1eadp<\/strong><\/h2>\n\n\n\n<p>Ch\u00fang t\u00f4i c\u00f3 th\u1ec3 thu th\u1eadp c\u00e1c lo\u1ea1i th\u00f4ng tin sau:<\/p>\n\n\n\n<h3 class=\"wp-block-heading\"><strong>1.1 Th\u00f4ng tin b\u1ea1n cung c\u1ea5p m\u1ed9t c\u00e1ch t\u1ef1 nguy\u1ec7n<\/strong><\/h3>\n\n\n\n<p>B\u1ea1n c\u00f3 th\u1ec3 cung c\u1ea5p th\u00f4ng tin c\u00e1 nh\u00e2n khi:<\/p>\n\n\n\n<ul class=\"wp-block-list\">\n<li>li\u00ean h\u1ec7 v\u1edbi ch\u00fang t\u00f4i qua email ho\u1eb7c bi\u1ec3u m\u1eabu li\u00ean h\u1ec7;<\/li>\n\n\n\n<li>\u0111\u1ec3 l\u1ea1i b\u00ecnh lu\u1eadn tr\u00ean Trang web;<\/li>\n\n\n\n<li>\u0111\u0103ng k\u00fd nh\u1eadn b\u1ea3n tin ho\u1eb7c th\u00f4ng b\u00e1o (n\u1ebfu c\u00f3).<\/li>\n<\/ul>\n\n\n\n<p>Nh\u1eefng th\u00f4ng tin n\u00e0y c\u00f3 th\u1ec3 bao g\u1ed3m, nh\u01b0ng kh\u00f4ng gi\u1edbi h\u1ea1n:<\/p>\n\n\n\n<ul class=\"wp-block-list\">\n<li>t\u00ean ho\u1eb7c bi\u1ec7t danh;<\/li>\n\n\n\n<li>\u0111\u1ecba ch\u1ec9 email;<\/li>\n\n\n\n<li>b\u1ea5t k\u1ef3 th\u00f4ng tin n\u00e0o b\u1ea1n t\u1ef1 nguy\u1ec7n cung c\u1ea5p trong n\u1ed9i dung li\u00ean h\u1ec7.<\/li>\n<\/ul>\n\n\n\n<h3 class=\"wp-block-heading\"><strong>1.2 Th\u00f4ng tin \u0111\u01b0\u1ee3c thu th\u1eadp t\u1ef1 \u0111\u1ed9ng<\/strong><\/h3>\n\n\n\n<p>Khi b\u1ea1n truy c\u1eadp Trang web, m\u1ed9t s\u1ed1 th\u00f4ng tin c\u00f3 th\u1ec3 \u0111\u01b0\u1ee3c thu th\u1eadp t\u1ef1 \u0111\u1ed9ng, bao g\u1ed3m:<\/p>\n\n\n\n<ul class=\"wp-block-list\">\n<li>\u0111\u1ecba ch\u1ec9 IP;<\/li>\n\n\n\n<li>lo\u1ea1i v\u00e0 phi\u00ean b\u1ea3n tr\u00ecnh duy\u1ec7t;<\/li>\n\n\n\n<li>th\u00f4ng tin thi\u1ebft b\u1ecb;<\/li>\n\n\n\n<li>c\u00e1c trang \u0111\u00e3 truy c\u1eadp v\u00e0 th\u1eddi gian truy c\u1eadp;<\/li>\n\n\n\n<li>URL gi\u1edbi thi\u1ec7u;<\/li>\n\n\n\n<li><strong>t\u1ec7p nh\u1eadt k\u00fd m\u00e1y ch\u1ee7 (server log files)<\/strong>.<\/li>\n<\/ul>\n\n\n\n<h2 class=\"wp-block-heading\"><strong>2. B\u00ecnh lu\u1eadn<\/strong><\/h2>\n\n\n\n<p>Khi kh\u00e1ch truy c\u1eadp \u0111\u1ec3 l\u1ea1i b\u00ecnh lu\u1eadn tr\u00ean Trang web, ch\u00fang t\u00f4i c\u00f3 th\u1ec3 thu th\u1eadp:<\/p>\n\n\n\n<ul class=\"wp-block-list\">\n<li>d\u1eef li\u1ec7u \u0111\u01b0\u1ee3c hi\u1ec3n th\u1ecb trong bi\u1ec3u m\u1eabu b\u00ecnh lu\u1eadn;<\/li>\n\n\n\n<li>\u0111\u1ecba ch\u1ec9 IP c\u1ee7a kh\u00e1ch truy c\u1eadp;<\/li>\n\n\n\n<li>chu\u1ed7i user agent c\u1ee7a tr\u00ecnh duy\u1ec7t.<\/li>\n<\/ul>\n\n\n\n<p>Th\u00f4ng tin n\u00e0y \u0111\u01b0\u1ee3c thu th\u1eadp nh\u1eb1m ph\u00e1t hi\u1ec7n spam, ng\u0103n ch\u1eb7n h\u00e0nh vi l\u1ea1m d\u1ee5ng v\u00e0 duy tr\u00ec an ninh cho Trang web.<\/p>\n\n\n\n<p>B\u00ecnh lu\u1eadn v\u00e0 c\u00e1c si\u00eau d\u1eef li\u1ec7u li\u00ean quan c\u00f3 th\u1ec3 \u0111\u01b0\u1ee3c l\u01b0u tr\u1eef v\u00f4 th\u1eddi h\u1ea1n.<\/p>\n\n\n\n<h2 class=\"wp-block-heading\"><strong>3. Cookies<\/strong><\/h2>\n\n\n\n<p>Trang web s\u1eed d\u1ee5ng cookies v\u00e0 c\u00e1c c\u00f4ng ngh\u1ec7 t\u01b0\u01a1ng t\u1ef1 \u0111\u1ec3 c\u1ea3i thi\u1ec7n tr\u1ea3i nghi\u1ec7m ng\u01b0\u1eddi d\u00f9ng v\u00e0 ph\u00e2n t\u00edch hi\u1ec7u su\u1ea5t Trang web.<\/p>\n\n\n\n<p>Cookies c\u00f3 th\u1ec3 \u0111\u01b0\u1ee3c s\u1eed d\u1ee5ng \u0111\u1ec3:<\/p>\n\n\n\n<ul class=\"wp-block-list\">\n<li>ghi nh\u1edb c\u00e1c t\u00f9y ch\u1ecdn c\u1ee7a ng\u01b0\u1eddi d\u00f9ng;<\/li>\n\n\n\n<li>ph\u00e2n t\u00edch l\u01b0u l\u01b0\u1ee3ng truy c\u1eadp v\u00e0 m\u00f4 h\u00ecnh s\u1eed d\u1ee5ng;<\/li>\n\n\n\n<li>h\u1ed7 tr\u1ee3 ph\u00e2n t\u00edch, qu\u1ea3ng c\u00e1o v\u00e0 theo d\u00f5i li\u00ean k\u1ebft ti\u1ebfp th\u1ecb (affiliate).<\/li>\n<\/ul>\n\n\n\n<p>M\u1ed9t s\u1ed1 cookies c\u00f3 th\u1ec3 \u0111\u01b0\u1ee3c thi\u1ebft l\u1eadp b\u1edfi&nbsp;<strong>c\u00e1c d\u1ecbch v\u1ee5 b\u00ean th\u1ee9 ba<\/strong>&nbsp;\u0111\u01b0\u1ee3c s\u1eed d\u1ee5ng tr\u00ean Trang web.<\/p>\n\n\n\n<p>B\u1ea1n c\u00f3 th\u1ec3 v\u00f4 hi\u1ec7u h\u00f3a cookies th\u00f4ng qua c\u00e0i \u0111\u1eb7t tr\u00ecnh duy\u1ec7t c\u1ee7a m\u00ecnh. Tuy nhi\u00ean, vi\u1ec7c v\u00f4 hi\u1ec7u h\u00f3a cookies c\u00f3 th\u1ec3 \u1ea3nh h\u01b0\u1edfng \u0111\u1ebfn ch\u1ee9c n\u0103ng c\u1ee7a m\u1ed9t s\u1ed1 ph\u1ea7n tr\u00ean Trang web.<\/p>\n\n\n\n<p>Trang web kh\u00f4ng ph\u1ea3n h\u1ed3i c\u00e1c t\u00edn hi\u1ec7u&nbsp;<strong>\u201cDo Not Track\u201d (DNT)<\/strong>&nbsp;\u0111\u01b0\u1ee3c g\u1eedi t\u1eeb tr\u00ecnh duy\u1ec7t.<\/p>\n\n\n\n<h2 class=\"wp-block-heading\"><strong>4. Ph\u00e2n t\u00edch v\u00e0 d\u1ecbch v\u1ee5 c\u1ee7a b\u00ean th\u1ee9 ba<\/strong><\/h2>\n\n\n\n<p>Ch\u00fang t\u00f4i c\u00f3 th\u1ec3 s\u1eed d\u1ee5ng c\u00e1c d\u1ecbch v\u1ee5 c\u1ee7a b\u00ean th\u1ee9 ba, bao g\u1ed3m c\u00e1c c\u00f4ng c\u1ee5 ph\u00e2n t\u00edch v\u00e0 theo d\u00f5i (nh\u01b0 Google Analytics ho\u1eb7c c\u00e1c d\u1ecbch v\u1ee5 t\u01b0\u01a1ng t\u1ef1), \u0111\u1ec3 hi\u1ec3u c\u00e1ch ng\u01b0\u1eddi d\u00f9ng t\u01b0\u01a1ng t\u00e1c v\u1edbi Trang web.<\/p>\n\n\n\n<p>C\u00e1c d\u1ecbch v\u1ee5 n\u00e0y c\u00f3 th\u1ec3 thu th\u1eadp nh\u1eefng th\u00f4ng tin nh\u01b0:<\/p>\n\n\n\n<ul class=\"wp-block-list\">\n<li>\u0111\u1ecba ch\u1ec9 IP;<\/li>\n\n\n\n<li>d\u1eef li\u1ec7u thi\u1ebft b\u1ecb v\u00e0 tr\u00ecnh duy\u1ec7t;<\/li>\n\n\n\n<li>h\u00e0nh vi s\u1eed d\u1ee5ng.<\/li>\n<\/ul>\n\n\n\n<p>C\u00e1c nh\u00e0 cung c\u1ea5p d\u1ecbch v\u1ee5 b\u00ean th\u1ee9 ba x\u1eed l\u00fd d\u1eef li\u1ec7u theo ch\u00ednh s\u00e1ch quy\u1ec1n ri\u00eang t\u01b0 c\u1ee7a ri\u00eang h\u1ecd. Ch\u00fang t\u00f4i kh\u00f4ng ki\u1ec3m so\u00e1t c\u00e1ch c\u00e1c b\u00ean th\u1ee9 ba thu th\u1eadp, s\u1eed d\u1ee5ng ho\u1eb7c l\u01b0u tr\u1eef d\u1eef li\u1ec7u.<\/p>\n\n\n\n<h2 class=\"wp-block-heading\"><strong>5. Li\u00ean k\u1ebft ti\u1ebfp th\u1ecb (Affiliate) v\u00e0 qu\u1ea3ng c\u00e1o<\/strong><\/h2>\n\n\n\n<p>Trang web c\u00f3 th\u1ec3 ch\u1ee9a c\u00e1c li\u00ean k\u1ebft ti\u1ebfp th\u1ecb v\u00e0 n\u1ed9i dung qu\u1ea3ng c\u00e1o.<\/p>\n\n\n\n<p>Khi b\u1ea1n nh\u1ea5p v\u00e0o li\u00ean k\u1ebft ti\u1ebfp th\u1ecb:<\/p>\n\n\n\n<ul class=\"wp-block-list\">\n<li>c\u00e1c \u0111\u1ed1i t\u00e1c b\u00ean th\u1ee9 ba c\u00f3 th\u1ec3 s\u1eed d\u1ee5ng cookies ho\u1eb7c c\u00f4ng ngh\u1ec7 theo d\u00f5i;<\/li>\n\n\n\n<li>m\u1ed9t s\u1ed1 d\u1eef li\u1ec7u (nh\u01b0 \u0111\u1ecba ch\u1ec9 IP ho\u1eb7c th\u00f4ng tin thi\u1ebft b\u1ecb) c\u00f3 th\u1ec3 \u0111\u01b0\u1ee3c c\u00e1c \u0111\u1ed1i t\u00e1c n\u00e0y thu th\u1eadp;<\/li>\n\n\n\n<li>ch\u00fang t\u00f4i c\u00f3 th\u1ec3 nh\u1eadn \u0111\u01b0\u1ee3c hoa h\u1ed3ng m\u00e0 kh\u00f4ng ph\u00e1t sinh chi ph\u00ed b\u1ed5 sung cho b\u1ea1n.<\/li>\n<\/ul>\n\n\n\n<p>Ch\u00fang t\u00f4i kh\u00f4ng ki\u1ec3m so\u00e1t c\u00e1c ho\u1ea1t \u0111\u1ed9ng v\u1ec1 quy\u1ec1n ri\u00eang t\u01b0 c\u1ee7a c\u00e1c trang web b\u00ean th\u1ee9 ba \u0111\u01b0\u1ee3c li\u00ean k\u1ebft t\u1eeb Trang web. Ng\u01b0\u1eddi d\u00f9ng n\u00ean xem x\u00e9t ch\u00ednh s\u00e1ch quy\u1ec1n ri\u00eang t\u01b0 c\u1ee7a c\u00e1c b\u00ean th\u1ee9 ba \u0111\u00f3.<\/p>\n\n\n\n<h2 class=\"wp-block-heading\"><strong>6. N\u1ed9i dung \u0111\u01b0\u1ee3c nh\u00fang t\u1eeb c\u00e1c trang web kh\u00e1c<\/strong><\/h2>\n\n\n\n<p>C\u00e1c b\u00e0i vi\u1ebft ho\u1eb7c trang tr\u00ean Trang web c\u00f3 th\u1ec3 bao g\u1ed3m n\u1ed9i dung \u0111\u01b0\u1ee3c nh\u00fang (v\u00ed d\u1ee5: video, h\u00ecnh \u1ea3nh, widget ho\u1eb7c ph\u01b0\u01a1ng ti\u1ec7n b\u00ean ngo\u00e0i).<\/p>\n\n\n\n<p>N\u1ed9i dung \u0111\u01b0\u1ee3c nh\u00fang t\u1eeb c\u00e1c trang web kh\u00e1c ho\u1ea1t \u0111\u1ed9ng gi\u1ed1ng nh\u01b0 khi b\u1ea1n truy c\u1eadp tr\u1ef1c ti\u1ebfp v\u00e0o c\u00e1c trang web \u0111\u00f3. Nh\u1eefng trang web n\u00e0y c\u00f3 th\u1ec3 thu th\u1eadp d\u1eef li\u1ec7u v\u1ec1 b\u1ea1n, s\u1eed d\u1ee5ng cookies ho\u1eb7c theo d\u00f5i t\u01b0\u01a1ng t\u00e1c c\u1ee7a b\u1ea1n v\u1edbi n\u1ed9i dung \u0111\u01b0\u1ee3c nh\u00fang.<\/p>\n\n\n\n<h2 class=\"wp-block-heading\"><strong>7. C\u00e1ch ch\u00fang t\u00f4i s\u1eed d\u1ee5ng th\u00f4ng tin c\u1ee7a b\u1ea1n<\/strong><\/h2>\n\n\n\n<p>Ch\u00fang t\u00f4i c\u00f3 th\u1ec3 s\u1eed d\u1ee5ng th\u00f4ng tin \u0111\u00e3 thu th\u1eadp \u0111\u1ec3:<\/p>\n\n\n\n<ul class=\"wp-block-list\">\n<li>v\u1eadn h\u00e0nh v\u00e0 duy tr\u00ec Trang web;<\/li>\n\n\n\n<li>c\u1ea3i thi\u1ec7n ch\u1ea5t l\u01b0\u1ee3ng n\u1ed9i dung v\u00e0 tr\u1ea3i nghi\u1ec7m ng\u01b0\u1eddi d\u00f9ng;<\/li>\n\n\n\n<li>ph\u1ea3n h\u1ed3i c\u00e1c y\u00eau c\u1ea7u v\u00e0 li\u00ean h\u1ec7;<\/li>\n\n\n\n<li>ph\u00e2n t\u00edch vi\u1ec7c s\u1eed d\u1ee5ng v\u00e0 hi\u1ec7u su\u1ea5t Trang web;<\/li>\n\n\n\n<li>ng\u0103n ch\u1eb7n spam, h\u00e0nh vi l\u1ea1m d\u1ee5ng v\u00e0 c\u00e1c m\u1ed1i \u0111e d\u1ecda an ninh.<\/li>\n<\/ul>\n\n\n\n<h2 class=\"wp-block-heading\"><strong>8. Chia s\u1ebb d\u1eef li\u1ec7u<\/strong><\/h2>\n\n\n\n<p>Ch\u00fang t\u00f4i kh\u00f4ng b\u00e1n d\u1eef li\u1ec7u c\u00e1 nh\u00e2n.<\/p>\n\n\n\n<p>Th\u00f4ng tin c\u00f3 th\u1ec3 \u0111\u01b0\u1ee3c chia s\u1ebb v\u1edbi:<\/p>\n\n\n\n<ul class=\"wp-block-list\">\n<li>c\u00e1c nh\u00e0 cung c\u1ea5p d\u1ecbch v\u1ee5 (nh\u01b0 l\u01b0u tr\u1eef, b\u1ea3o m\u1eadt v\u00e0 h\u1ea1 t\u1ea7ng);<\/li>\n\n\n\n<li>c\u00e1c \u0111\u1ed1i t\u00e1c ph\u00e2n t\u00edch, ti\u1ebfp th\u1ecb v\u00e0 qu\u1ea3ng c\u00e1o;<\/li>\n\n\n\n<li>c\u00e1c c\u01a1 quan ph\u00e1p l\u00fd ho\u1eb7c c\u01a1 quan qu\u1ea3n l\u00fd khi \u0111\u01b0\u1ee3c y\u00eau c\u1ea7u theo lu\u1eadt hi\u1ec7n h\u00e0nh.<\/li>\n<\/ul>\n\n\n\n<p>Vi\u1ec7c chia s\u1ebb d\u1eef li\u1ec7u \u0111\u01b0\u1ee3c gi\u1edbi h\u1ea1n trong ph\u1ea1m vi h\u1ee3p l\u00fd v\u00e0 c\u1ea7n thi\u1ebft cho vi\u1ec7c v\u1eadn h\u00e0nh v\u00e0 b\u1ea3o v\u1ec7 Trang web.<\/p>\n\n\n\n<h2 class=\"wp-block-heading\"><strong>9. Th\u1eddi gian l\u01b0u tr\u1eef d\u1eef li\u1ec7u<\/strong><\/h2>\n\n\n\n<p>Ch\u00fang t\u00f4i ch\u1ec9 l\u01b0u tr\u1eef th\u00f4ng tin c\u00e1 nh\u00e2n trong th\u1eddi gian c\u1ea7n thi\u1ebft \u0111\u1ec3 th\u1ef1c hi\u1ec7n c\u00e1c m\u1ee5c \u0111\u00edch \u0111\u01b0\u1ee3c m\u00f4 t\u1ea3 trong Ch\u00ednh s\u00e1ch Quy\u1ec1n ri\u00eang t\u01b0 n\u00e0y, tr\u1eeb khi th\u1eddi gian l\u01b0u tr\u1eef d\u00e0i h\u01a1n \u0111\u01b0\u1ee3c y\u00eau c\u1ea7u ho\u1eb7c cho ph\u00e9p.<\/p>\n\n\n\n<h2 class=\"wp-block-heading\"><strong>10. Quy\u1ec1n c\u1ee7a b\u1ea1n<\/strong><\/h2>\n\n\n\n<p>T\u00f9y thu\u1ed9c v\u00e0o c\u00e1c quy \u0111\u1ecbnh \u00e1p d\u1ee5ng, b\u1ea1n c\u00f3 th\u1ec3 c\u00f3 quy\u1ec1n:<\/p>\n\n\n\n<ul class=\"wp-block-list\">\n<li>y\u00eau c\u1ea7u truy c\u1eadp d\u1eef li\u1ec7u c\u00e1 nh\u00e2n c\u1ee7a m\u00ecnh;<\/li>\n\n\n\n<li>y\u00eau c\u1ea7u ch\u1ec9nh s\u1eeda ho\u1eb7c x\u00f3a d\u1eef li\u1ec7u c\u1ee7a m\u00ecnh;<\/li>\n\n\n\n<li>y\u00eau c\u1ea7u xu\u1ea5t d\u1eef li\u1ec7u c\u00e1 nh\u00e2n;<\/li>\n\n\n\n<li>r\u00fat l\u1ea1i s\u1ef1 \u0111\u1ed3ng \u00fd n\u1ebfu vi\u1ec7c x\u1eed l\u00fd d\u1ef1a tr\u00ean s\u1ef1 \u0111\u1ed3ng \u00fd.<\/li>\n<\/ul>\n\n\n\n<p>C\u00e1c y\u00eau c\u1ea7u c\u00f3 th\u1ec3 \u0111\u01b0\u1ee3c g\u1eedi qua email theo th\u00f4ng tin li\u00ean h\u1ec7 b\u00ean d\u01b0\u1edbi.<\/p>\n\n\n\n<h2 class=\"wp-block-heading\"><strong>11. B\u1ea3o m\u1eadt d\u1eef li\u1ec7u<\/strong><\/h2>\n\n\n\n<p>Ch\u00fang t\u00f4i \u00e1p d\u1ee5ng c\u00e1c bi\u1ec7n ph\u00e1p k\u1ef9 thu\u1eadt v\u00e0 t\u1ed5 ch\u1ee9c h\u1ee3p l\u00fd \u0111\u1ec3 b\u1ea3o v\u1ec7 th\u00f4ng tin kh\u1ecfi vi\u1ec7c truy c\u1eadp, thay \u0111\u1ed5i, ti\u1ebft l\u1ed9 ho\u1eb7c ph\u00e1 h\u1ee7y tr\u00e1i ph\u00e9p.<\/p>\n\n\n\n<p>Tuy nhi\u00ean, kh\u00f4ng c\u00f3 ph\u01b0\u01a1ng th\u1ee9c truy\u1ec1n t\u1ea3i ho\u1eb7c l\u01b0u tr\u1eef d\u1eef li\u1ec7u n\u00e0o qua Internet c\u00f3 th\u1ec3 \u0111\u01b0\u1ee3c \u0111\u1ea3m b\u1ea3o an to\u00e0n tuy\u1ec7t \u0111\u1ed1i.<\/p>\n\n\n\n<h2 class=\"wp-block-heading\"><strong>12. Th\u00f4ng tin v\u1ec1 tr\u1ebb em<\/strong><\/h2>\n\n\n\n<p>Trang web kh\u00f4ng d\u00e0nh cho c\u00e1c c\u00e1 nh\u00e2n d\u01b0\u1edbi 18 tu\u1ed5i.<\/p>\n\n\n\n<p>Ch\u00fang t\u00f4i kh\u00f4ng c\u1ed1 \u00fd thu th\u1eadp th\u00f4ng tin c\u00e1 nh\u00e2n t\u1eeb tr\u1ebb em.<\/p>\n\n\n\n<h2 class=\"wp-block-heading\"><strong>13. Thay \u0111\u1ed5i \u0111\u1ed1i v\u1edbi Ch\u00ednh s\u00e1ch Quy\u1ec1n ri\u00eang t\u01b0 n\u00e0y<\/strong><\/h2>\n\n\n\n<p>Ch\u00fang t\u00f4i c\u00f3 th\u1ec3 c\u1eadp nh\u1eadt Ch\u00ednh s\u00e1ch Quy\u1ec1n ri\u00eang t\u01b0 n\u00e0y theo th\u1eddi gian.<\/p>\n\n\n\n<p>M\u1ecdi thay \u0111\u1ed5i s\u1ebd \u0111\u01b0\u1ee3c \u0111\u0103ng t\u1ea3i tr\u00ean trang n\u00e0y v\u00e0 c\u00f3 hi\u1ec7u l\u1ef1c ngay khi \u0111\u01b0\u1ee3c c\u00f4ng b\u1ed1.<\/p>\n\n\n\n<h2 class=\"wp-block-heading\"><strong>14. Th\u00f4ng tin li\u00ean h\u1ec7<\/strong><\/h2>\n\n\n\n<p>N\u1ebfu b\u1ea1n c\u00f3 b\u1ea5t k\u1ef3 c\u00e2u h\u1ecfi n\u00e0o v\u1ec1 Ch\u00ednh s\u00e1ch Quy\u1ec1n ri\u00eang t\u01b0 n\u00e0y ho\u1eb7c c\u00e1ch d\u1eef li\u1ec7u c\u1ee7a b\u1ea1n \u0111\u01b0\u1ee3c x\u1eed l\u00fd, vui l\u00f2ng li\u00ean h\u1ec7 v\u1edbi ch\u00fang t\u00f4i t\u1ea1i:<\/p>\n\n\n\n<p><strong>Email:<\/strong>&nbsp;admin@brokerbinary.top<\/p>\n","protected":false},"excerpt":{"rendered":"<p>Ch\u00ednh s\u00e1ch Quy\u1ec1n ri\u00eang t\u01b0 n\u00e0y m\u00f4 t\u1ea3 c\u00e1ch&nbsp;https:\/\/brokerbinary.top\/&nbsp;(\u201cTrang web\u201d, \u201cch\u00fang t\u00f4i\u201d) thu th\u1eadp, s\u1eed d\u1ee5ng v\u00e0 b\u1ea3o v\u1ec7 th\u00f4ng tin khi b\u1ea1n truy c\u1eadp ho\u1eb7c t\u01b0\u01a1ng t\u00e1c v\u1edbi Trang web. B\u1eb1ng vi\u1ec7c s\u1eed d\u1ee5ng Trang web, b\u1ea1n \u0111\u1ed3ng \u00fd v\u1edbi vi\u1ec7c thu th\u1eadp v\u00e0 s\u1eed d\u1ee5ng th\u00f4ng tin theo Ch\u00ednh s\u00e1ch Quy\u1ec1n ri\u00eang t\u01b0 [&hellip;]<\/p>\n","protected":false},"author":1,"featured_media":0,"parent":0,"menu_order":0,"comment_status":"closed","ping_status":"closed","template":"","meta":{"footnotes":""},"class_list":["post-22754","page","type-page","status-publish","hentry"],"yoast_head":"<title>Ch\u00ednh s\u00e1ch quy\u1ec1n ri\u00eang t\u01b0 (Privacy Policy)<\/title>\n<meta name=\"description\" content=\"Ch\u00ednh s\u00e1ch Quy\u1ec1n ri\u00eang t\u01b0 n\u00e0y m\u00f4 t\u1ea3 c\u00e1ch\u00a0https:\/\/brokerbinary.top\/\u00a0(\u201cTrang web\u201d, \u201cch\u00fang t\u00f4i\u201d) thu th\u1eadp, s\u1eed d\u1ee5ng v\u00e0 b\u1ea3o v\u1ec7 th\u00f4ng tin khi b\u1ea1n truy c\u1eadp ho\u1eb7c t\u01b0\u01a1ng t\u00e1c v\u1edbi Trang web.B\u1eb1ng vi\u1ec7c s\u1eed d\u1ee5ng Trang web, b\u1ea1n \u0111\u1ed3ng \u00fd v\u1edbi vi\u1ec7c thu th\u1eadp v\u00e0 s\u1eed d\u1ee5ng th\u00f4ng tin theo Ch\u00ednh s\u00e1ch Quy\u1ec1n ri\u00eang t\u01b0 n\u00e0y.\" \/>\n<meta name=\"robots\" content=\"index, follow, max-snippet:-1, max-image-preview:large, max-video-preview:-1\" \/>\n<link rel=\"canonical\" href=\"https:\/\/brokerbinary.top\/vi\/privacy-policy\/\" \/>\n<meta property=\"og:locale\" content=\"vi_VN\" \/>\n<meta property=\"og:type\" content=\"article\" \/>\n<meta property=\"og:title\" content=\"Ch\u00ednh s\u00e1ch quy\u1ec1n ri\u00eang t\u01b0 (Privacy Policy)\" \/>\n<meta property=\"og:description\" content=\"Ch\u00ednh s\u00e1ch Quy\u1ec1n ri\u00eang t\u01b0 n\u00e0y m\u00f4 t\u1ea3 c\u00e1ch\u00a0https:\/\/brokerbinary.top\/\u00a0(\u201cTrang web\u201d, \u201cch\u00fang t\u00f4i\u201d) thu th\u1eadp, s\u1eed d\u1ee5ng v\u00e0 b\u1ea3o v\u1ec7 th\u00f4ng tin khi b\u1ea1n truy c\u1eadp ho\u1eb7c t\u01b0\u01a1ng t\u00e1c v\u1edbi Trang web.B\u1eb1ng vi\u1ec7c s\u1eed d\u1ee5ng Trang web, b\u1ea1n \u0111\u1ed3ng \u00fd v\u1edbi vi\u1ec7c thu th\u1eadp v\u00e0 s\u1eed d\u1ee5ng th\u00f4ng tin theo Ch\u00ednh s\u00e1ch Quy\u1ec1n ri\u00eang t\u01b0 n\u00e0y.\" \/>\n<meta property=\"og:url\" content=\"https:\/\/brokerbinary.top\/vi\/privacy-policy\/\" \/>\n<meta property=\"article:modified_time\" content=\"2026-02-10T15:35:44+00:00\" \/>\n<meta name=\"twitter:card\" content=\"summary_large_image\" \/>\n<meta name=\"twitter:label1\" content=\"Est. reading time\" \/>\n\t<meta name=\"twitter:data1\" content=\"7 minutes\" \/>\n<script type=\"application\/ld+json\" class=\"yoast-schema-graph\">{\"@context\":\"https:\\\/\\\/schema.org\",\"@graph\":[{\"@type\":\"WebPage\",\"@id\":\"https:\\\/\\\/brokerbinary.top\\\/vi\\\/privacy-policy\\\/\",\"url\":\"https:\\\/\\\/brokerbinary.top\\\/vi\\\/privacy-policy\\\/\",\"name\":\"Ch\u00ednh s\u00e1ch quy\u1ec1n ri\u00eang t\u01b0 (Privacy Policy)\",\"isPartOf\":{\"@id\":\"https:\\\/\\\/brokerbinary.top\\\/vi\\\/#website\"},\"datePublished\":\"2026-02-10T15:04:49+00:00\",\"dateModified\":\"2026-02-10T15:35:44+00:00\",\"description\":\"Ch\u00ednh s\u00e1ch Quy\u1ec1n ri\u00eang t\u01b0 n\u00e0y m\u00f4 t\u1ea3 c\u00e1ch\u00a0https:\\\/\\\/brokerbinary.top\\\/\u00a0(\u201cTrang web\u201d, \u201cch\u00fang t\u00f4i\u201d) thu th\u1eadp, s\u1eed d\u1ee5ng v\u00e0 b\u1ea3o v\u1ec7 th\u00f4ng tin khi b\u1ea1n truy c\u1eadp ho\u1eb7c t\u01b0\u01a1ng t\u00e1c v\u1edbi Trang web.B\u1eb1ng vi\u1ec7c s\u1eed d\u1ee5ng Trang web, b\u1ea1n \u0111\u1ed3ng \u00fd v\u1edbi vi\u1ec7c thu th\u1eadp v\u00e0 s\u1eed d\u1ee5ng th\u00f4ng tin theo Ch\u00ednh s\u00e1ch Quy\u1ec1n ri\u00eang t\u01b0 n\u00e0y.\",\"breadcrumb\":{\"@id\":\"https:\\\/\\\/brokerbinary.top\\\/vi\\\/privacy-policy\\\/#breadcrumb\"},\"inLanguage\":\"vi-VN\",\"potentialAction\":[{\"@type\":\"ReadAction\",\"target\":[\"https:\\\/\\\/brokerbinary.top\\\/vi\\\/privacy-policy\\\/\"]}]},{\"@type\":\"BreadcrumbList\",\"@id\":\"https:\\\/\\\/brokerbinary.top\\\/vi\\\/privacy-policy\\\/#breadcrumb\",\"itemListElement\":[{\"@type\":\"ListItem\",\"position\":1,\"name\":\"\u0413\u043b\u0430\u0432\u043d\u0430\u044f \u0441\u0442\u0440\u0430\u043d\u0438\u0446\u0430\",\"item\":\"https:\\\/\\\/brokerbinary.top\\\/vi\\\/home\\\/\"},{\"@type\":\"ListItem\",\"position\":2,\"name\":\"Ch\u00ednh s\u00e1ch quy\u1ec1n ri\u00eang t\u01b0 (Privacy Policy)\"}]},{\"@type\":\"WebSite\",\"@id\":\"https:\\\/\\\/brokerbinary.top\\\/vi\\\/#website\",\"url\":\"https:\\\/\\\/brokerbinary.top\\\/vi\\\/\",\"name\":\"\",\"description\":\"\",\"potentialAction\":[{\"@type\":\"SearchAction\",\"target\":{\"@type\":\"EntryPoint\",\"urlTemplate\":\"https:\\\/\\\/brokerbinary.top\\\/vi\\\/?s={search_term_string}\"},\"query-input\":{\"@type\":\"PropertyValueSpecification\",\"valueRequired\":true,\"valueName\":\"search_term_string\"}}],\"inLanguage\":\"vi-VN\"}]}<\/script>","yoast_head_json":{"title":"Ch\u00ednh s\u00e1ch quy\u1ec1n ri\u00eang t\u01b0 (Privacy Policy)","description":"Ch\u00ednh s\u00e1ch Quy\u1ec1n ri\u00eang t\u01b0 n\u00e0y m\u00f4 t\u1ea3 c\u00e1ch\u00a0https:\/\/brokerbinary.top\/\u00a0(\u201cTrang web\u201d, \u201cch\u00fang t\u00f4i\u201d) thu th\u1eadp, s\u1eed d\u1ee5ng v\u00e0 b\u1ea3o v\u1ec7 th\u00f4ng tin khi b\u1ea1n truy c\u1eadp ho\u1eb7c t\u01b0\u01a1ng t\u00e1c v\u1edbi Trang web.B\u1eb1ng vi\u1ec7c s\u1eed d\u1ee5ng Trang web, b\u1ea1n \u0111\u1ed3ng \u00fd v\u1edbi vi\u1ec7c thu th\u1eadp v\u00e0 s\u1eed d\u1ee5ng th\u00f4ng tin theo Ch\u00ednh s\u00e1ch Quy\u1ec1n ri\u00eang t\u01b0 n\u00e0y.","robots":{"index":"index","follow":"follow","max-snippet":"max-snippet:-1","max-image-preview":"max-image-preview:large","max-video-preview":"max-video-preview:-1"},"canonical":"https:\/\/brokerbinary.top\/vi\/privacy-policy\/","og_locale":"vi_VN","og_type":"article","og_title":"Ch\u00ednh s\u00e1ch quy\u1ec1n ri\u00eang t\u01b0 (Privacy Policy)","og_description":"Ch\u00ednh s\u00e1ch Quy\u1ec1n ri\u00eang t\u01b0 n\u00e0y m\u00f4 t\u1ea3 c\u00e1ch\u00a0https:\/\/brokerbinary.top\/\u00a0(\u201cTrang web\u201d, \u201cch\u00fang t\u00f4i\u201d) thu th\u1eadp, s\u1eed d\u1ee5ng v\u00e0 b\u1ea3o v\u1ec7 th\u00f4ng tin khi b\u1ea1n truy c\u1eadp ho\u1eb7c t\u01b0\u01a1ng t\u00e1c v\u1edbi Trang web.B\u1eb1ng vi\u1ec7c s\u1eed d\u1ee5ng Trang web, b\u1ea1n \u0111\u1ed3ng \u00fd v\u1edbi vi\u1ec7c thu th\u1eadp v\u00e0 s\u1eed d\u1ee5ng th\u00f4ng tin theo Ch\u00ednh s\u00e1ch Quy\u1ec1n ri\u00eang t\u01b0 n\u00e0y.","og_url":"https:\/\/brokerbinary.top\/vi\/privacy-policy\/","article_modified_time":"2026-02-10T15:35:44+00:00","twitter_card":"summary_large_image","twitter_misc":{"Est. reading time":"7 minutes"},"schema":{"@context":"https:\/\/schema.org","@graph":[{"@type":"WebPage","@id":"https:\/\/brokerbinary.top\/vi\/privacy-policy\/","url":"https:\/\/brokerbinary.top\/vi\/privacy-policy\/","name":"Ch\u00ednh s\u00e1ch quy\u1ec1n ri\u00eang t\u01b0 (Privacy Policy)","isPartOf":{"@id":"https:\/\/brokerbinary.top\/vi\/#website"},"datePublished":"2026-02-10T15:04:49+00:00","dateModified":"2026-02-10T15:35:44+00:00","description":"Ch\u00ednh s\u00e1ch Quy\u1ec1n ri\u00eang t\u01b0 n\u00e0y m\u00f4 t\u1ea3 c\u00e1ch\u00a0https:\/\/brokerbinary.top\/\u00a0(\u201cTrang web\u201d, \u201cch\u00fang t\u00f4i\u201d) thu th\u1eadp, s\u1eed d\u1ee5ng v\u00e0 b\u1ea3o v\u1ec7 th\u00f4ng tin khi b\u1ea1n truy c\u1eadp ho\u1eb7c t\u01b0\u01a1ng t\u00e1c v\u1edbi Trang web.B\u1eb1ng vi\u1ec7c s\u1eed d\u1ee5ng Trang web, b\u1ea1n \u0111\u1ed3ng \u00fd v\u1edbi vi\u1ec7c thu th\u1eadp v\u00e0 s\u1eed d\u1ee5ng th\u00f4ng tin theo Ch\u00ednh s\u00e1ch Quy\u1ec1n ri\u00eang t\u01b0 n\u00e0y.","breadcrumb":{"@id":"https:\/\/brokerbinary.top\/vi\/privacy-policy\/#breadcrumb"},"inLanguage":"vi-VN","potentialAction":[{"@type":"ReadAction","target":["https:\/\/brokerbinary.top\/vi\/privacy-policy\/"]}]},{"@type":"BreadcrumbList","@id":"https:\/\/brokerbinary.top\/vi\/privacy-policy\/#breadcrumb","itemListElement":[{"@type":"ListItem","position":1,"name":"\u0413\u043b\u0430\u0432\u043d\u0430\u044f \u0441\u0442\u0440\u0430\u043d\u0438\u0446\u0430","item":"https:\/\/brokerbinary.top\/vi\/home\/"},{"@type":"ListItem","position":2,"name":"Ch\u00ednh s\u00e1ch quy\u1ec1n ri\u00eang t\u01b0 (Privacy Policy)"}]},{"@type":"WebSite","@id":"https:\/\/brokerbinary.top\/vi\/#website","url":"https:\/\/brokerbinary.top\/vi\/","name":"","description":"","potentialAction":[{"@type":"SearchAction","target":{"@type":"EntryPoint","urlTemplate":"https:\/\/brokerbinary.top\/vi\/?s={search_term_string}"},"query-input":{"@type":"PropertyValueSpecification","valueRequired":true,"valueName":"search_term_string"}}],"inLanguage":"vi-VN"}]}},"_links":{"self":[{"href":"https:\/\/brokerbinary.top\/vi\/wp-json\/wp\/v2\/pages\/22754","targetHints":{"allow":["GET"]}}],"collection":[{"href":"https:\/\/brokerbinary.top\/vi\/wp-json\/wp\/v2\/pages"}],"about":[{"href":"https:\/\/brokerbinary.top\/vi\/wp-json\/wp\/v2\/types\/page"}],"author":[{"embeddable":true,"href":"https:\/\/brokerbinary.top\/vi\/wp-json\/wp\/v2\/users\/1"}],"replies":[{"embeddable":true,"href":"https:\/\/brokerbinary.top\/vi\/wp-json\/wp\/v2\/comments?post=22754"}],"version-history":[{"count":1,"href":"https:\/\/brokerbinary.top\/vi\/wp-json\/wp\/v2\/pages\/22754\/revisions"}],"predecessor-version":[{"id":22799,"href":"https:\/\/brokerbinary.top\/vi\/wp-json\/wp\/v2\/pages\/22754\/revisions\/22799"}],"wp:attachment":[{"href":"https:\/\/brokerbinary.top\/vi\/wp-json\/wp\/v2\/media?parent=22754"}],"curies":[{"name":"wp","href":"https:\/\/api.w.org\/{rel}","templated":true}]}}