{"id":22684,"date":"2026-02-10T16:02:07","date_gmt":"2026-02-10T14:02:07","guid":{"rendered":"https:\/\/brokerbinary.top\/terms-and-conditions\/"},"modified":"2026-02-10T16:36:53","modified_gmt":"2026-02-10T14:36:53","slug":"terms-and-conditions","status":"publish","type":"page","link":"https:\/\/brokerbinary.top\/vi\/terms-and-conditions\/","title":{"rendered":"\u0110i\u1ec1u kho\u1ea3n v\u00e0 \u0110i\u1ec1u ki\u1ec7n (Terms &amp; Conditions)"},"content":{"rendered":"\n<p>Th\u1ecfa thu\u1eadn \u0110i\u1ec1u kho\u1ea3n v\u00e0 \u0110i\u1ec1u ki\u1ec7n n\u00e0y (sau \u0111\u00e2y g\u1ecdi l\u00e0&nbsp;<strong>\u201cTh\u1ecfa thu\u1eadn\u201d<\/strong>) \u0111i\u1ec1u ch\u1ec9nh m\u1ed1i quan h\u1ec7 gi\u1eefa ch\u1ee7 s\u1edf h\u1eefu trang web&nbsp;<strong>https:\/\/brokerbinary.top\/<\/strong>&nbsp;(sau \u0111\u00e2y g\u1ecdi l\u00e0&nbsp;<strong>\u201cTrang web\u201d<\/strong>,&nbsp;<strong>\u201cBan qu\u1ea3n tr\u1ecb\u201d<\/strong>) v\u00e0 b\u1ea5t k\u1ef3 c\u00e1 nh\u00e2n n\u00e0o s\u1eed d\u1ee5ng Trang web (sau \u0111\u00e2y g\u1ecdi l\u00e0&nbsp;<strong>\u201cNg\u01b0\u1eddi d\u00f9ng\u201d<\/strong>).<\/p>\n\n\n\n<p>B\u1eb1ng vi\u1ec7c truy c\u1eadp ho\u1eb7c s\u1eed d\u1ee5ng Trang web, Ng\u01b0\u1eddi d\u00f9ng x\u00e1c nh\u1eadn r\u1eb1ng h\u1ecd \u0111\u00e3 \u0111\u1ecdc, hi\u1ec3u v\u00e0 ho\u00e0n to\u00e0n \u0111\u1ed3ng \u00fd v\u1edbi c\u00e1c \u0111i\u1ec1u kho\u1ea3n c\u1ee7a Th\u1ecfa thu\u1eadn n\u00e0y.<\/p>\n\n\n\n<p>N\u1ebfu Ng\u01b0\u1eddi d\u00f9ng kh\u00f4ng \u0111\u1ed3ng \u00fd v\u1edbi b\u1ea5t k\u1ef3 \u0111i\u1ec1u kho\u1ea3n n\u00e0o c\u1ee7a Th\u1ecfa thu\u1eadn, Ng\u01b0\u1eddi d\u00f9ng ph\u1ea3i ng\u1eebng s\u1eed d\u1ee5ng Trang web ngay l\u1eadp t\u1ee9c.<\/p>\n\n\n\n<h2 class=\"wp-block-heading\"><strong>1. Quy \u0111\u1ecbnh chung<\/strong><\/h2>\n\n\n\n<p>1.1. Th\u1ecfa thu\u1eadn n\u00e0y \u0111\u01b0\u1ee3c xem l\u00e0 m\u1ed9t \u0111\u1ec1 ngh\u1ecb c\u00f4ng khai (Public Offer).<\/p>\n\n\n\n<p>1.2. M\u1ecdi h\u00ecnh th\u1ee9c s\u1eed d\u1ee5ng Trang web, bao g\u1ed3m vi\u1ec7c xem n\u1ed9i dung, \u0111\u0103ng b\u00ecnh lu\u1eadn ho\u1eb7c t\u01b0\u01a1ng t\u00e1c v\u1edbi c\u00e1c t\u00e0i li\u1ec7u, \u0111\u1ec1u \u0111\u01b0\u1ee3c xem l\u00e0 s\u1ef1 ch\u1ea5p thu\u1eadn v\u00f4 \u0111i\u1ec1u ki\u1ec7n \u0111\u1ed1i v\u1edbi Th\u1ecfa thu\u1eadn n\u00e0y.<\/p>\n\n\n\n<p>1.3. Ban qu\u1ea3n tr\u1ecb c\u00f3 quy\u1ec1n s\u1eeda \u0111\u1ed5i Th\u1ecfa thu\u1eadn n\u00e0y b\u1ea5t k\u1ef3 l\u00fac n\u00e0o m\u00e0 kh\u00f4ng c\u1ea7n th\u00f4ng b\u00e1o tr\u01b0\u1edbc. Phi\u00ean b\u1ea3n c\u1eadp nh\u1eadt s\u1ebd c\u00f3 hi\u1ec7u l\u1ef1c ngay khi \u0111\u01b0\u1ee3c c\u00f4ng b\u1ed1 tr\u00ean Trang web.<\/p>\n\n\n\n<p>1.4. Ng\u01b0\u1eddi d\u00f9ng c\u00f3 tr\u00e1ch nhi\u1ec7m t\u1ef1 m\u00ecnh theo d\u00f5i v\u00e0 xem x\u00e9t phi\u00ean b\u1ea3n hi\u1ec7n h\u00e0nh c\u1ee7a Th\u1ecfa thu\u1eadn n\u00e0y.<\/p>\n\n\n\n<h2 class=\"wp-block-heading\"><strong>2. S\u1eed d\u1ee5ng n\u1ed9i dung Trang web<\/strong><\/h2>\n\n\n\n<p>2.1. T\u1ea5t c\u1ea3 th\u00f4ng tin v\u00e0 t\u00e0i li\u1ec7u \u0111\u01b0\u1ee3c \u0111\u0103ng t\u1ea3i tr\u00ean Trang web ch\u1ec9 \u0111\u01b0\u1ee3c cung c\u1ea5p&nbsp;<strong>v\u1edbi m\u1ee5c \u0111\u00edch cung c\u1ea5p th\u00f4ng tin v\u00e0 gi\u00e1o d\u1ee5c<\/strong>.<\/p>\n\n\n\n<p>2.2. Th\u00f4ng tin tr\u00ean Trang web&nbsp;<strong>kh\u00f4ng c\u1ea5u th\u00e0nh<\/strong>&nbsp;l\u1eddi khuy\u00ean t\u00e0i ch\u00ednh, \u0111\u1ea7u t\u01b0, ph\u00e1p l\u00fd ho\u1eb7c b\u1ea5t k\u1ef3 l\u1eddi khuy\u00ean chuy\u00ean m\u00f4n n\u00e0o kh\u00e1c.<\/p>\n\n\n\n<p>2.3. Ban qu\u1ea3n tr\u1ecb kh\u00f4ng \u0111\u1ea3m b\u1ea3o t\u00ednh ch\u00ednh x\u00e1c, \u0111\u1ea7y \u0111\u1ee7 ho\u1eb7c k\u1ecbp th\u1eddi c\u1ee7a th\u00f4ng tin \u0111\u01b0\u1ee3c cung c\u1ea5p.<\/p>\n\n\n\n<p>2.4. Ban qu\u1ea3n tr\u1ecb c\u00f3 quy\u1ec1n s\u1eeda \u0111\u1ed5i, c\u1eadp nh\u1eadt ho\u1eb7c x\u00f3a b\u1ea5t k\u1ef3 n\u1ed9i dung n\u00e0o tr\u00ean Trang web v\u00e0o b\u1ea5t k\u1ef3 th\u1eddi \u0111i\u1ec3m n\u00e0o m\u00e0 kh\u00f4ng c\u1ea7n th\u00f4ng b\u00e1o tr\u01b0\u1edbc.<\/p>\n\n\n\n<h2 class=\"wp-block-heading\"><strong>3. Ngh\u0129a v\u1ee5 c\u1ee7a Ng\u01b0\u1eddi d\u00f9ng<\/strong><\/h2>\n\n\n\n<p>3.1. Ng\u01b0\u1eddi d\u00f9ng \u0111\u1ed3ng \u00fd:<\/p>\n\n\n\n<ul class=\"wp-block-list\">\n<li>tu\u00e2n th\u1ee7 c\u00e1c lu\u1eadt v\u00e0 quy \u0111\u1ecbnh hi\u1ec7n h\u00e0nh t\u1ea1i qu\u1ed1c gia n\u01a1i m\u00ecnh c\u01b0 tr\u00fa;<\/li>\n\n\n\n<li>kh\u00f4ng th\u1ef1c hi\u1ec7n b\u1ea5t k\u1ef3 h\u00e0nh vi n\u00e0o c\u00f3 th\u1ec3 l\u00e0m gi\u00e1n \u0111o\u1ea1n ho\u1ea1t \u0111\u1ed9ng b\u00ecnh th\u01b0\u1eddng c\u1ee7a Trang web;<\/li>\n\n\n\n<li>kh\u00f4ng \u0111\u0103ng t\u1ea3i n\u1ed9i dung vi ph\u1ea1m ph\u00e1p lu\u1eadt, \u0111\u1ea1o \u0111\u1ee9c ho\u1eb7c c\u00e1c chu\u1ea9n m\u1ef1c x\u00e3 h\u1ed9i.<\/li>\n<\/ul>\n\n\n\n<p>3.2. Ng\u01b0\u1eddi d\u00f9ng b\u1ecb nghi\u00eam c\u1ea5m:<\/p>\n\n\n\n<ul class=\"wp-block-list\">\n<li>sao ch\u00e9p, ph\u00e2n ph\u1ed1i ho\u1eb7c t\u00e1i s\u1ea3n xu\u1ea5t n\u1ed9i dung c\u1ee7a Trang web khi ch\u01b0a c\u00f3 s\u1ef1 cho ph\u00e9p b\u1eb1ng v\u0103n b\u1ea3n t\u1eeb Ban qu\u1ea3n tr\u1ecb;<\/li>\n\n\n\n<li>\u0111\u0103ng t\u1ea3i n\u1ed9i dung qu\u1ea3ng c\u00e1o, khuy\u1ebfn m\u00e3i, li\u00ean k\u1ebft ti\u1ebfp th\u1ecb (affiliate) ho\u1eb7c spam;<\/li>\n\n\n\n<li>s\u1eed d\u1ee5ng h\u1ec7 th\u1ed1ng t\u1ef1 \u0111\u1ed9ng ho\u1eb7c ph\u1ea7n m\u1ec1m \u0111\u1ec3 tr\u00edch xu\u1ea5t d\u1eef li\u1ec7u t\u1eeb Trang web;<\/li>\n\n\n\n<li>ph\u00e1t t\u00e1n ph\u1ea7n m\u1ec1m \u0111\u1ed9c h\u1ea1i ho\u1eb7c m\u00e3 g\u00e2y h\u1ea1i.<\/li>\n<\/ul>\n\n\n\n<p>3.3. M\u1ecdi n\u1ed9i dung do Ng\u01b0\u1eddi d\u00f9ng t\u1ea1o ra, bao g\u1ed3m c\u1ea3 b\u00ecnh lu\u1eadn, c\u00f3 th\u1ec3 \u0111\u01b0\u1ee3c ki\u1ec3m duy\u1ec7t.<\/p>\n\n\n\n<p>3.4. Ban qu\u1ea3n tr\u1ecb c\u00f3 quy\u1ec1n ch\u1ec9nh s\u1eeda, ch\u1eb7n ho\u1eb7c x\u00f3a b\u1ea5t k\u1ef3 n\u1ed9i dung n\u00e0o c\u1ee7a Ng\u01b0\u1eddi d\u00f9ng m\u00e0 kh\u00f4ng c\u1ea7n gi\u1ea3i th\u00edch.<\/p>\n\n\n\n<h2 class=\"wp-block-heading\"><strong>4. Gi\u1edbi h\u1ea1n tr\u00e1ch nhi\u1ec7m v\u00e0 tuy\u00ean b\u1ed1 mi\u1ec5n tr\u1eeb<\/strong><\/h2>\n\n\n\n<p>4.1. Ng\u01b0\u1eddi d\u00f9ng s\u1eed d\u1ee5ng Trang web v\u00e0 n\u1ed9i dung c\u1ee7a Trang web&nbsp;<strong>ho\u00e0n to\u00e0n d\u01b0\u1edbi r\u1ee7i ro c\u1ee7a ch\u00ednh m\u00ecnh<\/strong>.<\/p>\n\n\n\n<p>4.2. Ban qu\u1ea3n tr\u1ecb kh\u00f4ng ch\u1ecbu tr\u00e1ch nhi\u1ec7m \u0111\u1ed1i v\u1edbi b\u1ea5t k\u1ef3 t\u1ed5n th\u1ea5t tr\u1ef1c ti\u1ebfp ho\u1eb7c gi\u00e1n ti\u1ebfp n\u00e0o, bao g\u1ed3m c\u1ea3 t\u1ed5n th\u1ea5t t\u00e0i ch\u00ednh, ph\u00e1t sinh t\u1eeb vi\u1ec7c s\u1eed d\u1ee5ng Trang web ho\u1eb7c vi\u1ec7c tin c\u1eady v\u00e0o n\u1ed9i dung c\u1ee7a Trang web.<\/p>\n\n\n\n<p>4.3. Trang web c\u00f3 th\u1ec3 ch\u1ee9a li\u00ean k\u1ebft \u0111\u1ebfn c\u00e1c ngu\u1ed3n c\u1ee7a b\u00ean th\u1ee9 ba. Ban qu\u1ea3n tr\u1ecb kh\u00f4ng ki\u1ec3m so\u00e1t v\u00e0 kh\u00f4ng ch\u1ecbu tr\u00e1ch nhi\u1ec7m \u0111\u1ed1i v\u1edbi n\u1ed9i dung, d\u1ecbch v\u1ee5 ho\u1eb7c h\u00e0nh vi c\u1ee7a c\u00e1c b\u00ean th\u1ee9 ba \u0111\u00f3.<\/p>\n\n\n\n<p>4.4. T\u1ea5t c\u1ea3 n\u1ed9i dung \u0111\u01b0\u1ee3c cung c\u1ea5p&nbsp;<strong>\u201cnguy\u00ean tr\u1ea1ng\u201d<\/strong>, kh\u00f4ng k\u00e8m theo b\u1ea5t k\u1ef3 b\u1ea3o \u0111\u1ea3m n\u00e0o, d\u00f9 l\u00e0 r\u00f5 r\u00e0ng hay ng\u1ee5 \u00fd.<\/p>\n\n\n\n<p>4.5. Ban qu\u1ea3n tr\u1ecb kh\u00f4ng \u0111\u1ea3m b\u1ea3o Trang web s\u1ebd ho\u1ea1t \u0111\u1ed9ng li\u00ean t\u1ee5c, an to\u00e0n ho\u1eb7c kh\u00f4ng c\u00f3 l\u1ed7i.<\/p>\n\n\n\n<h2 class=\"wp-block-heading\"><strong>5. C\u1ea3nh b\u00e1o r\u1ee7i ro (Risk Disclosure)<\/strong><\/h2>\n\n\n\n<p>5.1. Th\u00f4ng tin \u0111\u01b0\u1ee3c cung c\u1ea5p tr\u00ean Trang web kh\u00f4ng ph\u1ea3i l\u00e0 l\u1eddi khuy\u00ean \u0111\u1ea7u t\u01b0 hay khuy\u1ebfn ngh\u1ecb tham gia b\u1ea5t k\u1ef3 ho\u1ea1t \u0111\u1ed9ng t\u00e0i ch\u00ednh n\u00e0o.<\/p>\n\n\n\n<p>5.2. Giao d\u1ecbch v\u00e0 \u0111\u1ea7u t\u01b0 v\u00e0o c\u00e1c c\u00f4ng c\u1ee5 t\u00e0i ch\u00ednh, bao g\u1ed3m nh\u01b0ng kh\u00f4ng gi\u1edbi h\u1ea1n \u1edf quy\u1ec1n ch\u1ecdn nh\u1ecb ph\u00e2n, CFD, ti\u1ec1n \u0111i\u1ec7n t\u1eed v\u00e0 c\u00e1c t\u00e0i s\u1ea3n kh\u00e1c, li\u00ean quan \u0111\u1ebfn&nbsp;<strong>m\u1ee9c \u0111\u1ed9 r\u1ee7i ro cao<\/strong>.<\/p>\n\n\n\n<p>5.3. C\u00e1c ho\u1ea1t \u0111\u1ed9ng n\u00e0y c\u00f3 th\u1ec3 d\u1eabn \u0111\u1ebfn&nbsp;<strong>m\u1ea5t m\u1ed9t ph\u1ea7n ho\u1eb7c to\u00e0n b\u1ed9 s\u1ed1 ti\u1ec1n \u0111\u00e3 \u0111\u1ea7u t\u01b0<\/strong>.<\/p>\n\n\n\n<p>5.4. Hi\u1ec7u su\u1ea5t trong qu\u00e1 kh\u1ee9 kh\u00f4ng \u0111\u1ea3m b\u1ea3o cho k\u1ebft qu\u1ea3 trong t\u01b0\u01a1ng lai.<\/p>\n\n\n\n<p>5.5. Ng\u01b0\u1eddi d\u00f9ng t\u1ef1 \u0111\u01b0a ra m\u1ecdi quy\u1ebft \u0111\u1ecbnh t\u00e0i ch\u00ednh v\u00e0 ho\u00e0n to\u00e0n ch\u1ecbu tr\u00e1ch nhi\u1ec7m v\u1ec1 k\u1ebft qu\u1ea3 c\u1ee7a c\u00e1c quy\u1ebft \u0111\u1ecbnh \u0111\u00f3.<\/p>\n\n\n\n<h2 class=\"wp-block-heading\"><strong>6. Qu\u1ea3ng c\u00e1o v\u00e0 ti\u1ebft l\u1ed9 li\u00ean k\u1ebft ti\u1ebfp th\u1ecb<\/strong><\/h2>\n\n\n\n<p>6.1. Trang web c\u00f3 th\u1ec3 ch\u1ee9a n\u1ed9i dung qu\u1ea3ng c\u00e1o v\u00e0 c\u00e1c li\u00ean k\u1ebft ti\u1ebfp th\u1ecb (affiliate).<\/p>\n\n\n\n<p>6.2. Ban qu\u1ea3n tr\u1ecb kh\u00f4ng \u0111\u1ea3m b\u1ea3o ch\u1ea5t l\u01b0\u1ee3ng, t\u00ednh h\u1ee3p ph\u00e1p ho\u1eb7c \u0111\u1ed9 tin c\u1eady c\u1ee7a c\u00e1c s\u1ea3n ph\u1ea9m hay d\u1ecbch v\u1ee5 do nh\u00e0 qu\u1ea3ng c\u00e1o ho\u1eb7c \u0111\u1ed1i t\u00e1c cung c\u1ea5p.<\/p>\n\n\n\n<p>6.3. M\u1ecdi t\u01b0\u01a1ng t\u00e1c gi\u1eefa Ng\u01b0\u1eddi d\u00f9ng v\u00e0 c\u00e1c nh\u00e0 qu\u1ea3ng c\u00e1o b\u00ean th\u1ee9 ba ho\u00e0n to\u00e0n l\u00e0 tr\u00e1ch nhi\u1ec7m c\u1ee7a c\u00e1c b\u00ean li\u00ean quan.<\/p>\n\n\n\n<h2 class=\"wp-block-heading\"><strong>7. Quy\u1ec1n s\u1edf h\u1eefu tr\u00ed tu\u1ec7 v\u00e0 nh\u00e3n hi\u1ec7u<\/strong><\/h2>\n\n\n\n<p>7.1. Tr\u1eeb khi c\u00f3 quy \u0111\u1ecbnh kh\u00e1c, to\u00e0n b\u1ed9 n\u1ed9i dung \u0111\u01b0\u1ee3c \u0111\u0103ng t\u1ea3i tr\u00ean Trang web \u0111\u1ec1u \u0111\u01b0\u1ee3c b\u1ea3o v\u1ec7 b\u1edfi lu\u1eadt s\u1edf h\u1eefu tr\u00ed tu\u1ec7.<\/p>\n\n\n\n<p>7.2. C\u00e1c nh\u00e3n hi\u1ec7u, t\u00ean th\u01b0\u01a1ng hi\u1ec7u v\u00e0 logo \u0111\u01b0\u1ee3c \u0111\u1ec1 c\u1eadp tr\u00ean Trang web thu\u1ed9c quy\u1ec1n s\u1edf h\u1eefu c\u1ee7a c\u00e1c ch\u1ee7 s\u1edf h\u1eefu t\u01b0\u01a1ng \u1ee9ng v\u00e0 ch\u1ec9 \u0111\u01b0\u1ee3c s\u1eed d\u1ee5ng v\u1edbi m\u1ee5c \u0111\u00edch cung c\u1ea5p th\u00f4ng tin.<\/p>\n\n\n\n<h2 class=\"wp-block-heading\"><strong>8. Tham chi\u1ebfu \u0111\u1ebfn Ch\u00ednh s\u00e1ch quy\u1ec1n ri\u00eang t\u01b0<\/strong><\/h2>\n\n\n\n<p>8.1. Vi\u1ec7c s\u1eed d\u1ee5ng Trang web c\u0169ng \u0111\u01b0\u1ee3c \u0111i\u1ec1u ch\u1ec9nh b\u1edfi&nbsp;<strong>Ch\u00ednh s\u00e1ch quy\u1ec1n ri\u00eang t\u01b0 (Privacy Policy)<\/strong>, \u0111\u01b0\u1ee3c c\u00f4ng b\u1ed1 ri\u00eang v\u00e0 c\u00f3 s\u1eb5n tr\u00ean Trang web.<\/p>\n\n\n\n<h2 class=\"wp-block-heading\"><strong>9. Lu\u1eadt \u00e1p d\u1ee5ng v\u00e0 \u0111i\u1ec1u kho\u1ea3n cu\u1ed1i c\u00f9ng<\/strong><\/h2>\n\n\n\n<p>9.1. Th\u1ecfa thu\u1eadn n\u00e0y \u0111\u01b0\u1ee3c \u0111i\u1ec1u ch\u1ec9nh v\u00e0 di\u1ec5n gi\u1ea3i theo&nbsp;<strong>lu\u1eadt qu\u1ed1c t\u1ebf hi\u1ec7n h\u00e0nh<\/strong>, kh\u00f4ng x\u00e9t \u0111\u1ebfn c\u00e1c nguy\u00ean t\u1eafc xung \u0111\u1ed9t ph\u00e1p lu\u1eadt.<\/p>\n\n\n\n<p>9.2. Th\u1ecfa thu\u1eadn n\u00e0y c\u00f3 hi\u1ec7u l\u1ef1c k\u1ec3 t\u1eeb th\u1eddi \u0111i\u1ec3m Ng\u01b0\u1eddi d\u00f9ng b\u1eaft \u0111\u1ea7u s\u1eed d\u1ee5ng Trang web.<\/p>\n\n\n\n<p>9.3. Vi\u1ec7c ti\u1ebfp t\u1ee5c s\u1eed d\u1ee5ng Trang web \u0111\u01b0\u1ee3c xem l\u00e0 s\u1ef1 ch\u1ea5p nh\u1eadn \u0111\u1ed1i v\u1edbi phi\u00ean b\u1ea3n hi\u1ec7n h\u00e0nh c\u1ee7a Th\u1ecfa thu\u1eadn n\u00e0y.<\/p>\n\n\n\n<p>9.4. N\u1ebfu b\u1ea5t k\u1ef3 \u0111i\u1ec1u kho\u1ea3n n\u00e0o c\u1ee7a Th\u1ecfa thu\u1eadn n\u00e0y b\u1ecb coi l\u00e0 kh\u00f4ng h\u1ee3p l\u1ec7, c\u00e1c \u0111i\u1ec1u kho\u1ea3n c\u00f2n l\u1ea1i v\u1eabn gi\u1eef nguy\u00ean hi\u1ec7u l\u1ef1c \u0111\u1ea7y \u0111\u1ee7.<\/p>\n\n\n\n<p>9.5. \u0110\u1ed1i v\u1edbi m\u1ecdi v\u1ea5n \u0111\u1ec1 li\u00ean quan \u0111\u1ebfn Th\u1ecfa thu\u1eadn n\u00e0y, Ng\u01b0\u1eddi d\u00f9ng c\u00f3 th\u1ec3 li\u00ean h\u1ec7 v\u1edbi Ban qu\u1ea3n tr\u1ecb qua:<\/p>\n\n\n\n<p><strong>Email:<\/strong>&nbsp;admin@brokerbinary.top<\/p>\n","protected":false},"excerpt":{"rendered":"<p>Th\u1ecfa thu\u1eadn \u0110i\u1ec1u kho\u1ea3n v\u00e0 \u0110i\u1ec1u ki\u1ec7n n\u00e0y (sau \u0111\u00e2y g\u1ecdi l\u00e0&nbsp;\u201cTh\u1ecfa thu\u1eadn\u201d) \u0111i\u1ec1u ch\u1ec9nh m\u1ed1i quan h\u1ec7 gi\u1eefa ch\u1ee7 s\u1edf h\u1eefu trang web&nbsp;https:\/\/brokerbinary.top\/&nbsp;(sau \u0111\u00e2y g\u1ecdi l\u00e0&nbsp;\u201cTrang web\u201d,&nbsp;\u201cBan qu\u1ea3n tr\u1ecb\u201d) v\u00e0 b\u1ea5t k\u1ef3 c\u00e1 nh\u00e2n n\u00e0o s\u1eed d\u1ee5ng Trang web (sau \u0111\u00e2y g\u1ecdi l\u00e0&nbsp;\u201cNg\u01b0\u1eddi d\u00f9ng\u201d). B\u1eb1ng vi\u1ec7c truy c\u1eadp ho\u1eb7c s\u1eed d\u1ee5ng Trang web, Ng\u01b0\u1eddi [&hellip;]<\/p>\n","protected":false},"author":1,"featured_media":0,"parent":0,"menu_order":0,"comment_status":"closed","ping_status":"closed","template":"","meta":{"footnotes":""},"class_list":["post-22684","page","type-page","status-publish","hentry"],"yoast_head":"<title>\u0110i\u1ec1u kho\u1ea3n v\u00e0 \u0110i\u1ec1u ki\u1ec7n (Terms &amp; Conditions)<\/title>\n<meta name=\"description\" content=\"B\u1eb1ng vi\u1ec7c truy c\u1eadp ho\u1eb7c s\u1eed d\u1ee5ng Trang web, Ng\u01b0\u1eddi d\u00f9ng x\u00e1c nh\u1eadn r\u1eb1ng h\u1ecd \u0111\u00e3 \u0111\u1ecdc, hi\u1ec3u v\u00e0 ho\u00e0n to\u00e0n \u0111\u1ed3ng \u00fd v\u1edbi c\u00e1c \u0111i\u1ec1u kho\u1ea3n c\u1ee7a Th\u1ecfa thu\u1eadn n\u00e0y.N\u1ebfu Ng\u01b0\u1eddi d\u00f9ng kh\u00f4ng \u0111\u1ed3ng \u00fd v\u1edbi b\u1ea5t k\u1ef3 \u0111i\u1ec1u kho\u1ea3n n\u00e0o c\u1ee7a Th\u1ecfa thu\u1eadn, Ng\u01b0\u1eddi d\u00f9ng ph\u1ea3i ng\u1eebng s\u1eed d\u1ee5ng Trang web ngay l\u1eadp t\u1ee9c.\" \/>\n<meta name=\"robots\" content=\"index, follow, max-snippet:-1, max-image-preview:large, max-video-preview:-1\" \/>\n<link rel=\"canonical\" href=\"https:\/\/brokerbinary.top\/vi\/terms-and-conditions\/\" \/>\n<meta property=\"og:locale\" content=\"vi_VN\" \/>\n<meta property=\"og:type\" content=\"article\" \/>\n<meta property=\"og:title\" content=\"\u0110i\u1ec1u kho\u1ea3n v\u00e0 \u0110i\u1ec1u ki\u1ec7n (Terms &amp; Conditions)\" \/>\n<meta property=\"og:description\" content=\"B\u1eb1ng vi\u1ec7c truy c\u1eadp ho\u1eb7c s\u1eed d\u1ee5ng Trang web, Ng\u01b0\u1eddi d\u00f9ng x\u00e1c nh\u1eadn r\u1eb1ng h\u1ecd \u0111\u00e3 \u0111\u1ecdc, hi\u1ec3u v\u00e0 ho\u00e0n to\u00e0n \u0111\u1ed3ng \u00fd v\u1edbi c\u00e1c \u0111i\u1ec1u kho\u1ea3n c\u1ee7a Th\u1ecfa thu\u1eadn n\u00e0y.N\u1ebfu Ng\u01b0\u1eddi d\u00f9ng kh\u00f4ng \u0111\u1ed3ng \u00fd v\u1edbi b\u1ea5t k\u1ef3 \u0111i\u1ec1u kho\u1ea3n n\u00e0o c\u1ee7a Th\u1ecfa thu\u1eadn, Ng\u01b0\u1eddi d\u00f9ng ph\u1ea3i ng\u1eebng s\u1eed d\u1ee5ng Trang web ngay l\u1eadp t\u1ee9c.\" \/>\n<meta property=\"og:url\" content=\"https:\/\/brokerbinary.top\/vi\/terms-and-conditions\/\" \/>\n<meta property=\"article:modified_time\" content=\"2026-02-10T14:36:53+00:00\" \/>\n<meta name=\"twitter:card\" content=\"summary_large_image\" \/>\n<meta name=\"twitter:label1\" content=\"Est. reading time\" \/>\n\t<meta name=\"twitter:data1\" content=\"7 minutes\" \/>\n<script type=\"application\/ld+json\" class=\"yoast-schema-graph\">{\"@context\":\"https:\\\/\\\/schema.org\",\"@graph\":[{\"@type\":\"WebPage\",\"@id\":\"https:\\\/\\\/brokerbinary.top\\\/vi\\\/terms-and-conditions\\\/\",\"url\":\"https:\\\/\\\/brokerbinary.top\\\/vi\\\/terms-and-conditions\\\/\",\"name\":\"\u0110i\u1ec1u kho\u1ea3n v\u00e0 \u0110i\u1ec1u ki\u1ec7n (Terms & Conditions)\",\"isPartOf\":{\"@id\":\"https:\\\/\\\/brokerbinary.top\\\/vi\\\/#website\"},\"datePublished\":\"2026-02-10T14:02:07+00:00\",\"dateModified\":\"2026-02-10T14:36:53+00:00\",\"description\":\"B\u1eb1ng vi\u1ec7c truy c\u1eadp ho\u1eb7c s\u1eed d\u1ee5ng Trang web, Ng\u01b0\u1eddi d\u00f9ng x\u00e1c nh\u1eadn r\u1eb1ng h\u1ecd \u0111\u00e3 \u0111\u1ecdc, hi\u1ec3u v\u00e0 ho\u00e0n to\u00e0n \u0111\u1ed3ng \u00fd v\u1edbi c\u00e1c \u0111i\u1ec1u kho\u1ea3n c\u1ee7a Th\u1ecfa thu\u1eadn n\u00e0y.N\u1ebfu Ng\u01b0\u1eddi d\u00f9ng kh\u00f4ng \u0111\u1ed3ng \u00fd v\u1edbi b\u1ea5t k\u1ef3 \u0111i\u1ec1u kho\u1ea3n n\u00e0o c\u1ee7a Th\u1ecfa thu\u1eadn, Ng\u01b0\u1eddi d\u00f9ng ph\u1ea3i ng\u1eebng s\u1eed d\u1ee5ng Trang web ngay l\u1eadp t\u1ee9c.\",\"breadcrumb\":{\"@id\":\"https:\\\/\\\/brokerbinary.top\\\/vi\\\/terms-and-conditions\\\/#breadcrumb\"},\"inLanguage\":\"vi-VN\",\"potentialAction\":[{\"@type\":\"ReadAction\",\"target\":[\"https:\\\/\\\/brokerbinary.top\\\/vi\\\/terms-and-conditions\\\/\"]}]},{\"@type\":\"BreadcrumbList\",\"@id\":\"https:\\\/\\\/brokerbinary.top\\\/vi\\\/terms-and-conditions\\\/#breadcrumb\",\"itemListElement\":[{\"@type\":\"ListItem\",\"position\":1,\"name\":\"\u0413\u043b\u0430\u0432\u043d\u0430\u044f \u0441\u0442\u0440\u0430\u043d\u0438\u0446\u0430\",\"item\":\"https:\\\/\\\/brokerbinary.top\\\/vi\\\/home\\\/\"},{\"@type\":\"ListItem\",\"position\":2,\"name\":\"\u0110i\u1ec1u kho\u1ea3n v\u00e0 \u0110i\u1ec1u ki\u1ec7n (Terms &amp; Conditions)\"}]},{\"@type\":\"WebSite\",\"@id\":\"https:\\\/\\\/brokerbinary.top\\\/vi\\\/#website\",\"url\":\"https:\\\/\\\/brokerbinary.top\\\/vi\\\/\",\"name\":\"\",\"description\":\"\",\"potentialAction\":[{\"@type\":\"SearchAction\",\"target\":{\"@type\":\"EntryPoint\",\"urlTemplate\":\"https:\\\/\\\/brokerbinary.top\\\/vi\\\/?s={search_term_string}\"},\"query-input\":{\"@type\":\"PropertyValueSpecification\",\"valueRequired\":true,\"valueName\":\"search_term_string\"}}],\"inLanguage\":\"vi-VN\"}]}<\/script>","yoast_head_json":{"title":"\u0110i\u1ec1u kho\u1ea3n v\u00e0 \u0110i\u1ec1u ki\u1ec7n (Terms & Conditions)","description":"B\u1eb1ng vi\u1ec7c truy c\u1eadp ho\u1eb7c s\u1eed d\u1ee5ng Trang web, Ng\u01b0\u1eddi d\u00f9ng x\u00e1c nh\u1eadn r\u1eb1ng h\u1ecd \u0111\u00e3 \u0111\u1ecdc, hi\u1ec3u v\u00e0 ho\u00e0n to\u00e0n \u0111\u1ed3ng \u00fd v\u1edbi c\u00e1c \u0111i\u1ec1u kho\u1ea3n c\u1ee7a Th\u1ecfa thu\u1eadn n\u00e0y.N\u1ebfu Ng\u01b0\u1eddi d\u00f9ng kh\u00f4ng \u0111\u1ed3ng \u00fd v\u1edbi b\u1ea5t k\u1ef3 \u0111i\u1ec1u kho\u1ea3n n\u00e0o c\u1ee7a Th\u1ecfa thu\u1eadn, Ng\u01b0\u1eddi d\u00f9ng ph\u1ea3i ng\u1eebng s\u1eed d\u1ee5ng Trang web ngay l\u1eadp t\u1ee9c.","robots":{"index":"index","follow":"follow","max-snippet":"max-snippet:-1","max-image-preview":"max-image-preview:large","max-video-preview":"max-video-preview:-1"},"canonical":"https:\/\/brokerbinary.top\/vi\/terms-and-conditions\/","og_locale":"vi_VN","og_type":"article","og_title":"\u0110i\u1ec1u kho\u1ea3n v\u00e0 \u0110i\u1ec1u ki\u1ec7n (Terms & Conditions)","og_description":"B\u1eb1ng vi\u1ec7c truy c\u1eadp ho\u1eb7c s\u1eed d\u1ee5ng Trang web, Ng\u01b0\u1eddi d\u00f9ng x\u00e1c nh\u1eadn r\u1eb1ng h\u1ecd \u0111\u00e3 \u0111\u1ecdc, hi\u1ec3u v\u00e0 ho\u00e0n to\u00e0n \u0111\u1ed3ng \u00fd v\u1edbi c\u00e1c \u0111i\u1ec1u kho\u1ea3n c\u1ee7a Th\u1ecfa thu\u1eadn n\u00e0y.N\u1ebfu Ng\u01b0\u1eddi d\u00f9ng kh\u00f4ng \u0111\u1ed3ng \u00fd v\u1edbi b\u1ea5t k\u1ef3 \u0111i\u1ec1u kho\u1ea3n n\u00e0o c\u1ee7a Th\u1ecfa thu\u1eadn, Ng\u01b0\u1eddi d\u00f9ng ph\u1ea3i ng\u1eebng s\u1eed d\u1ee5ng Trang web ngay l\u1eadp t\u1ee9c.","og_url":"https:\/\/brokerbinary.top\/vi\/terms-and-conditions\/","article_modified_time":"2026-02-10T14:36:53+00:00","twitter_card":"summary_large_image","twitter_misc":{"Est. reading time":"7 minutes"},"schema":{"@context":"https:\/\/schema.org","@graph":[{"@type":"WebPage","@id":"https:\/\/brokerbinary.top\/vi\/terms-and-conditions\/","url":"https:\/\/brokerbinary.top\/vi\/terms-and-conditions\/","name":"\u0110i\u1ec1u kho\u1ea3n v\u00e0 \u0110i\u1ec1u ki\u1ec7n (Terms & Conditions)","isPartOf":{"@id":"https:\/\/brokerbinary.top\/vi\/#website"},"datePublished":"2026-02-10T14:02:07+00:00","dateModified":"2026-02-10T14:36:53+00:00","description":"B\u1eb1ng vi\u1ec7c truy c\u1eadp ho\u1eb7c s\u1eed d\u1ee5ng Trang web, Ng\u01b0\u1eddi d\u00f9ng x\u00e1c nh\u1eadn r\u1eb1ng h\u1ecd \u0111\u00e3 \u0111\u1ecdc, hi\u1ec3u v\u00e0 ho\u00e0n to\u00e0n \u0111\u1ed3ng \u00fd v\u1edbi c\u00e1c \u0111i\u1ec1u kho\u1ea3n c\u1ee7a Th\u1ecfa thu\u1eadn n\u00e0y.N\u1ebfu Ng\u01b0\u1eddi d\u00f9ng kh\u00f4ng \u0111\u1ed3ng \u00fd v\u1edbi b\u1ea5t k\u1ef3 \u0111i\u1ec1u kho\u1ea3n n\u00e0o c\u1ee7a Th\u1ecfa thu\u1eadn, Ng\u01b0\u1eddi d\u00f9ng ph\u1ea3i ng\u1eebng s\u1eed d\u1ee5ng Trang web ngay l\u1eadp t\u1ee9c.","breadcrumb":{"@id":"https:\/\/brokerbinary.top\/vi\/terms-and-conditions\/#breadcrumb"},"inLanguage":"vi-VN","potentialAction":[{"@type":"ReadAction","target":["https:\/\/brokerbinary.top\/vi\/terms-and-conditions\/"]}]},{"@type":"BreadcrumbList","@id":"https:\/\/brokerbinary.top\/vi\/terms-and-conditions\/#breadcrumb","itemListElement":[{"@type":"ListItem","position":1,"name":"\u0413\u043b\u0430\u0432\u043d\u0430\u044f \u0441\u0442\u0440\u0430\u043d\u0438\u0446\u0430","item":"https:\/\/brokerbinary.top\/vi\/home\/"},{"@type":"ListItem","position":2,"name":"\u0110i\u1ec1u kho\u1ea3n v\u00e0 \u0110i\u1ec1u ki\u1ec7n (Terms &amp; Conditions)"}]},{"@type":"WebSite","@id":"https:\/\/brokerbinary.top\/vi\/#website","url":"https:\/\/brokerbinary.top\/vi\/","name":"","description":"","potentialAction":[{"@type":"SearchAction","target":{"@type":"EntryPoint","urlTemplate":"https:\/\/brokerbinary.top\/vi\/?s={search_term_string}"},"query-input":{"@type":"PropertyValueSpecification","valueRequired":true,"valueName":"search_term_string"}}],"inLanguage":"vi-VN"}]}},"_links":{"self":[{"href":"https:\/\/brokerbinary.top\/vi\/wp-json\/wp\/v2\/pages\/22684","targetHints":{"allow":["GET"]}}],"collection":[{"href":"https:\/\/brokerbinary.top\/vi\/wp-json\/wp\/v2\/pages"}],"about":[{"href":"https:\/\/brokerbinary.top\/vi\/wp-json\/wp\/v2\/types\/page"}],"author":[{"embeddable":true,"href":"https:\/\/brokerbinary.top\/vi\/wp-json\/wp\/v2\/users\/1"}],"replies":[{"embeddable":true,"href":"https:\/\/brokerbinary.top\/vi\/wp-json\/wp\/v2\/comments?post=22684"}],"version-history":[{"count":1,"href":"https:\/\/brokerbinary.top\/vi\/wp-json\/wp\/v2\/pages\/22684\/revisions"}],"predecessor-version":[{"id":22732,"href":"https:\/\/brokerbinary.top\/vi\/wp-json\/wp\/v2\/pages\/22684\/revisions\/22732"}],"wp:attachment":[{"href":"https:\/\/brokerbinary.top\/vi\/wp-json\/wp\/v2\/media?parent=22684"}],"curies":[{"name":"wp","href":"https:\/\/api.w.org\/{rel}","templated":true}]}}